{"id":416,"date":"2019-06-05T12:49:52","date_gmt":"2019-06-05T12:49:52","guid":{"rendered":"https:\/\/restored.ee\/meist\/"},"modified":"2019-07-03T14:12:28","modified_gmt":"2019-07-03T14:12:28","slug":"about-us","status":"publish","type":"page","link":"https:\/\/restored.ee\/en\/about-us\/","title":{"rendered":"About us"},"content":{"rendered":"\n<p>Restore OY is a company based on equity capital. Its products and services include the production and sale of new tracks for forest machinery and the restoration and sale of used forest machinery tracks. We have over 10 years experience in the field. We are collaborating with the biggest Estonian and foreign forestry companies. We only use the best materials and modern technology in our work. We give warranty to our performed works, the special steels used in forest machinery tracks and to the treatment of those steels. The purpose is Restore O\u00dc is to be a safe and reliable partner to its customers, offering high-quality products and services with the best possible price.<\/p>\n\n\n\n<div style=\"height:30px\" aria-hidden=\"true\" class=\"wp-block-spacer\"><\/div>\n\n\n\t<script type=\"text\/javascript\">\n\tjQuery(function($) {\n\t\t\/\/ gallery page lightBox\n\t\t$('#lightbox-block_5cf7cccd2779a').Chocolat();\n\n\t});\n\t<\/script>\n","protected":false},"excerpt":{"rendered":"<p>Restore OY is a company based on equity capital. Its products and services include the production and sale of new tracks for forest machinery and the restoration and sale of used forest machinery tracks. We have over 10 years experience in the field. We are collaborating with the biggest Estonian and foreign forestry companies. We [&hellip;]<\/p>\n","protected":false},"author":1,"featured_media":0,"parent":0,"menu_order":0,"comment_status":"closed","ping_status":"closed","template":"","meta":{"_acf_changed":false,"footnotes":""},"class_list":["post-416","page","type-page","status-publish","hentry"],"acf":[],"yoast_head":"<!-- This site is optimized with the Yoast SEO plugin v25.9 - https:\/\/yoast.com\/wordpress\/plugins\/seo\/ -->\n<title>Metsat\u00f6\u00f6stusmasinate roomiklintide tootmine ja taastamine | Restore O\u00dc<\/title>\n<meta name=\"description\" content=\"Restore O\u00dc on erakapitalil p\u00f5hinev ettev\u00f5te, mille tooted ja teenused on suunatud metsat\u00f6\u00f6stusmasinate uute roomiklintide tootmisele ja m\u00fc\u00fcgile...\" \/>\n<meta name=\"robots\" content=\"index, follow, max-snippet:-1, max-image-preview:large, max-video-preview:-1\" \/>\n<link rel=\"canonical\" href=\"https:\/\/restored.ee\/en\/about-us\/\" \/>\n<meta property=\"og:locale\" content=\"en_US\" \/>\n<meta property=\"og:type\" content=\"article\" \/>\n<meta property=\"og:title\" content=\"Metsat\u00f6\u00f6stusmasinate roomiklintide tootmine ja taastamine | Restore O\u00dc\" \/>\n<meta property=\"og:description\" content=\"Restore O\u00dc on erakapitalil p\u00f5hinev ettev\u00f5te, mille tooted ja teenused on suunatud metsat\u00f6\u00f6stusmasinate uute roomiklintide tootmisele ja m\u00fc\u00fcgile...\" \/>\n<meta property=\"og:url\" content=\"https:\/\/restored.ee\/en\/about-us\/\" \/>\n<meta property=\"og:site_name\" content=\"Restored\" \/>\n<meta property=\"article:modified_time\" content=\"2019-07-03T14:12:28+00:00\" \/>\n<meta property=\"og:image\" content=\"https:\/\/restored.ee\/wp-content\/uploads\/2019\/07\/slider-image-scaled.jpg\" \/>\n\t<meta property=\"og:image:width\" content=\"2560\" \/>\n\t<meta property=\"og:image:height\" content=\"1920\" \/>\n\t<meta property=\"og:image:type\" content=\"image\/jpeg\" \/>\n<meta name=\"twitter:card\" content=\"summary_large_image\" \/>\n<meta name=\"twitter:label1\" content=\"Est. reading time\" \/>\n\t<meta name=\"twitter:data1\" content=\"1 minute\" \/>\n<script type=\"application\/ld+json\" class=\"yoast-schema-graph\">{\"@context\":\"https:\/\/schema.org\",\"@graph\":[{\"@type\":\"WebPage\",\"@id\":\"https:\/\/restored.ee\/en\/about-us\/\",\"url\":\"https:\/\/restored.ee\/en\/about-us\/\",\"name\":\"Metsat\u00f6\u00f6stusmasinate roomiklintide tootmine ja taastamine | Restore O\u00dc\",\"isPartOf\":{\"@id\":\"https:\/\/restored.ee\/en\/#website\"},\"datePublished\":\"2019-06-05T12:49:52+00:00\",\"dateModified\":\"2019-07-03T14:12:28+00:00\",\"description\":\"Restore O\u00dc on erakapitalil p\u00f5hinev ettev\u00f5te, mille tooted ja teenused on suunatud metsat\u00f6\u00f6stusmasinate uute roomiklintide tootmisele ja m\u00fc\u00fcgile...\",\"breadcrumb\":{\"@id\":\"https:\/\/restored.ee\/en\/about-us\/#breadcrumb\"},\"inLanguage\":\"en-US\",\"potentialAction\":[{\"@type\":\"ReadAction\",\"target\":[\"https:\/\/restored.ee\/en\/about-us\/\"]}]},{\"@type\":\"BreadcrumbList\",\"@id\":\"https:\/\/restored.ee\/en\/about-us\/#breadcrumb\",\"itemListElement\":[{\"@type\":\"ListItem\",\"position\":1,\"name\":\"Home\",\"item\":\"https:\/\/restored.ee\/en\/\"},{\"@type\":\"ListItem\",\"position\":2,\"name\":\"About us\"}]},{\"@type\":\"WebSite\",\"@id\":\"https:\/\/restored.ee\/en\/#website\",\"url\":\"https:\/\/restored.ee\/en\/\",\"name\":\"Restored\",\"description\":\"Metsamasina lintide taastamine ja m\u00fc\u00fck\",\"publisher\":{\"@id\":\"https:\/\/restored.ee\/en\/#organization\"},\"potentialAction\":[{\"@type\":\"SearchAction\",\"target\":{\"@type\":\"EntryPoint\",\"urlTemplate\":\"https:\/\/restored.ee\/en\/?s={search_term_string}\"},\"query-input\":{\"@type\":\"PropertyValueSpecification\",\"valueRequired\":true,\"valueName\":\"search_term_string\"}}],\"inLanguage\":\"en-US\"},{\"@type\":\"Organization\",\"@id\":\"https:\/\/restored.ee\/en\/#organization\",\"name\":\"Restore O\u00dc\",\"url\":\"https:\/\/restored.ee\/en\/\",\"logo\":{\"@type\":\"ImageObject\",\"inLanguage\":\"en-US\",\"@id\":\"https:\/\/restored.ee\/en\/#\/schema\/logo\/image\/\",\"url\":\"https:\/\/restored.ee\/wp-content\/uploads\/2019\/06\/restore-logo.png\",\"contentUrl\":\"https:\/\/restored.ee\/wp-content\/uploads\/2019\/06\/restore-logo.png\",\"width\":241,\"height\":50,\"caption\":\"Restore O\u00dc\"},\"image\":{\"@id\":\"https:\/\/restored.ee\/en\/#\/schema\/logo\/image\/\"}}]}<\/script>\n<!-- \/ Yoast SEO plugin. -->","yoast_head_json":{"title":"Metsat\u00f6\u00f6stusmasinate roomiklintide tootmine ja taastamine | Restore O\u00dc","description":"Restore O\u00dc on erakapitalil p\u00f5hinev ettev\u00f5te, mille tooted ja teenused on suunatud metsat\u00f6\u00f6stusmasinate uute roomiklintide tootmisele ja m\u00fc\u00fcgile...","robots":{"index":"index","follow":"follow","max-snippet":"max-snippet:-1","max-image-preview":"max-image-preview:large","max-video-preview":"max-video-preview:-1"},"canonical":"https:\/\/restored.ee\/en\/about-us\/","og_locale":"en_US","og_type":"article","og_title":"Metsat\u00f6\u00f6stusmasinate roomiklintide tootmine ja taastamine | Restore O\u00dc","og_description":"Restore O\u00dc on erakapitalil p\u00f5hinev ettev\u00f5te, mille tooted ja teenused on suunatud metsat\u00f6\u00f6stusmasinate uute roomiklintide tootmisele ja m\u00fc\u00fcgile...","og_url":"https:\/\/restored.ee\/en\/about-us\/","og_site_name":"Restored","article_modified_time":"2019-07-03T14:12:28+00:00","og_image":[{"width":2560,"height":1920,"url":"https:\/\/restored.ee\/wp-content\/uploads\/2019\/07\/slider-image-scaled.jpg","type":"image\/jpeg"}],"twitter_card":"summary_large_image","twitter_misc":{"Est. reading time":"1 minute"},"schema":{"@context":"https:\/\/schema.org","@graph":[{"@type":"WebPage","@id":"https:\/\/restored.ee\/en\/about-us\/","url":"https:\/\/restored.ee\/en\/about-us\/","name":"Metsat\u00f6\u00f6stusmasinate roomiklintide tootmine ja taastamine | Restore O\u00dc","isPartOf":{"@id":"https:\/\/restored.ee\/en\/#website"},"datePublished":"2019-06-05T12:49:52+00:00","dateModified":"2019-07-03T14:12:28+00:00","description":"Restore O\u00dc on erakapitalil p\u00f5hinev ettev\u00f5te, mille tooted ja teenused on suunatud metsat\u00f6\u00f6stusmasinate uute roomiklintide tootmisele ja m\u00fc\u00fcgile...","breadcrumb":{"@id":"https:\/\/restored.ee\/en\/about-us\/#breadcrumb"},"inLanguage":"en-US","potentialAction":[{"@type":"ReadAction","target":["https:\/\/restored.ee\/en\/about-us\/"]}]},{"@type":"BreadcrumbList","@id":"https:\/\/restored.ee\/en\/about-us\/#breadcrumb","itemListElement":[{"@type":"ListItem","position":1,"name":"Home","item":"https:\/\/restored.ee\/en\/"},{"@type":"ListItem","position":2,"name":"About us"}]},{"@type":"WebSite","@id":"https:\/\/restored.ee\/en\/#website","url":"https:\/\/restored.ee\/en\/","name":"Restored","description":"Metsamasina lintide taastamine ja m\u00fc\u00fck","publisher":{"@id":"https:\/\/restored.ee\/en\/#organization"},"potentialAction":[{"@type":"SearchAction","target":{"@type":"EntryPoint","urlTemplate":"https:\/\/restored.ee\/en\/?s={search_term_string}"},"query-input":{"@type":"PropertyValueSpecification","valueRequired":true,"valueName":"search_term_string"}}],"inLanguage":"en-US"},{"@type":"Organization","@id":"https:\/\/restored.ee\/en\/#organization","name":"Restore O\u00dc","url":"https:\/\/restored.ee\/en\/","logo":{"@type":"ImageObject","inLanguage":"en-US","@id":"https:\/\/restored.ee\/en\/#\/schema\/logo\/image\/","url":"https:\/\/restored.ee\/wp-content\/uploads\/2019\/06\/restore-logo.png","contentUrl":"https:\/\/restored.ee\/wp-content\/uploads\/2019\/06\/restore-logo.png","width":241,"height":50,"caption":"Restore O\u00dc"},"image":{"@id":"https:\/\/restored.ee\/en\/#\/schema\/logo\/image\/"}}]}},"_links":{"self":[{"href":"https:\/\/restored.ee\/en\/wp-json\/wp\/v2\/pages\/416","targetHints":{"allow":["GET"]}}],"collection":[{"href":"https:\/\/restored.ee\/en\/wp-json\/wp\/v2\/pages"}],"about":[{"href":"https:\/\/restored.ee\/en\/wp-json\/wp\/v2\/types\/page"}],"author":[{"embeddable":true,"href":"https:\/\/restored.ee\/en\/wp-json\/wp\/v2\/users\/1"}],"replies":[{"embeddable":true,"href":"https:\/\/restored.ee\/en\/wp-json\/wp\/v2\/comments?post=416"}],"version-history":[{"count":2,"href":"https:\/\/restored.ee\/en\/wp-json\/wp\/v2\/pages\/416\/revisions"}],"predecessor-version":[{"id":422,"href":"https:\/\/restored.ee\/en\/wp-json\/wp\/v2\/pages\/416\/revisions\/422"}],"wp:attachment":[{"href":"https:\/\/restored.ee\/en\/wp-json\/wp\/v2\/media?parent=416"}],"curies":[{"name":"wp","href":"https:\/\/api.w.org\/{rel}","templated":true}]}}