{"id":436,"date":"2019-06-05T13:01:43","date_gmt":"2019-06-05T13:01:43","guid":{"rendered":"https:\/\/restored.ee\/metsamasina-lintide-muuk\/"},"modified":"2024-08-12T16:56:45","modified_gmt":"2024-08-12T16:56:45","slug":"sale-of-forest-machinery-tracks","status":"publish","type":"page","link":"https:\/\/restored.ee\/en\/sale-of-forest-machinery-tracks\/","title":{"rendered":"Sale of forest machinery tracks"},"content":{"rendered":"<h6 class=\"pb-2 col-lg-7 pl-0\">We sell new ECV-tracks (manufactured by us) and restored forest machinery tracks<\/h6>\n\n\n\t<section class=\"gallery\">\n\t\t<div id=\"lightParent\" class=\"row wow fadeInDown\" data-wow-delay=\"0.8s\" style=\"visibility:hidden;\">\n\t\t\t\t\t\t\t\t\t\t\t<div class=\"col-sm-6 col-lg-4\">\n\t\t\t\t\t\t\t\t\t\t<a href=\"https:\/\/restored.ee\/en\/uued-metsamasina-lindid\/\" target=\"_self\">\n\t\t\t\t\t\t\t\t\t\t\t<figure>\n\t\t\t\t\t\t\t<div class=\"hover\">\n\t\t\t\t\t\t\t\t\t\t\t\t\t\t\t\t<img decoding=\"async\" class=\"img-fluid\" src=\"https:\/\/restored.ee\/wp-content\/uploads\/2019\/06\/uus-ecv-lint-350x265.png\" alt=\"New forest machinery tracks\">\n\t\t\t\t\t\t\t\t<div class=\"overlay\">\n\t\t\t\t\t\t\t\t\t<span>\n\t\t\t\t\t\t\t\t\t\t<svg aria-hidden=\"true\" focusable=\"false\" height=\"33\" width=\"33\" data-prefix=\"far\" data-icon=\"external-link\" class=\"svg-inline--fa fa-external-link fa-w-18\" role=\"img\" xmlns=\"http:\/\/www.w3.org\/2000\/svg\" viewBox=\"0 0 576 512\"><path fill=\"currentColor\" d=\"M576 14.4l-.174 163.2c0 7.953-6.447 14.4-14.4 14.4H528.12c-8.067 0-14.56-6.626-14.397-14.691l2.717-73.627-2.062-2.062-278.863 278.865c-4.686 4.686-12.284 4.686-16.971 0l-23.029-23.029c-4.686-4.686-4.686-12.284 0-16.971L474.379 61.621l-2.062-2.062-73.626 2.717C390.626 62.44 384 55.946 384 47.879V14.574c0-7.953 6.447-14.4 14.4-14.4L561.6 0c7.953 0 14.4 6.447 14.4 14.4zM427.515 233.74l-24 24a12.002 12.002 0 0 0-3.515 8.485V458a6 6 0 0 1-6 6H54a6 6 0 0 1-6-6V118a6 6 0 0 1 6-6h301.976c10.691 0 16.045-12.926 8.485-20.485l-24-24A12.002 12.002 0 0 0 331.976 64H48C21.49 64 0 85.49 0 112v352c0 26.51 21.49 48 48 48h352c26.51 0 48-21.49 48-48V242.225c0-10.691-12.926-16.045-20.485-8.485z\"><\/path><\/svg>\n\t\t\t\t\t\t\t\t\t<\/span>\n\t\t\t\t\t\t\t\t<\/div>\n\t\t\t\t\t\t\t<\/div>\n\t\t\t\t\t\t\t<figcaption>\n\t\t\t\t\t\t\t\t<h3>New forest machinery tracks<\/h3>\n\t\t\t\t\t\t\t<\/figcaption>\n\t\t\t\t\t\t<\/figure>\n\t\t\t\t\t\t\t\t\t\t<\/a>\n\t\t\t\t\t\t\t\t\t<\/div>\n\t\t\t\t\t\t\t\t\t\t\t<div class=\"col-sm-6 col-lg-4\">\n\t\t\t\t\t\t\t\t\t\t<a href=\"https:\/\/restored.ee\/en\/restored-tracks-for-sale\/\" target=\"_self\">\n\t\t\t\t\t\t\t\t\t\t\t<figure>\n\t\t\t\t\t\t\t<div class=\"hover\">\n\t\t\t\t\t\t\t\t\t\t\t\t\t\t\t\t<img decoding=\"async\" class=\"img-fluid\" src=\"https:\/\/restored.ee\/wp-content\/uploads\/2019\/06\/taastatud-metsamasina-lindid-muukiks-350x265.jpg\" alt=\"Restored tracks\">\n\t\t\t\t\t\t\t\t<div class=\"overlay\">\n\t\t\t\t\t\t\t\t\t<span>\n\t\t\t\t\t\t\t\t\t\t<svg aria-hidden=\"true\" focusable=\"false\" height=\"33\" width=\"33\" data-prefix=\"far\" data-icon=\"external-link\" class=\"svg-inline--fa fa-external-link fa-w-18\" role=\"img\" xmlns=\"http:\/\/www.w3.org\/2000\/svg\" viewBox=\"0 0 576 512\"><path fill=\"currentColor\" d=\"M576 14.4l-.174 163.2c0 7.953-6.447 14.4-14.4 14.4H528.12c-8.067 0-14.56-6.626-14.397-14.691l2.717-73.627-2.062-2.062-278.863 278.865c-4.686 4.686-12.284 4.686-16.971 0l-23.029-23.029c-4.686-4.686-4.686-12.284 0-16.971L474.379 61.621l-2.062-2.062-73.626 2.717C390.626 62.44 384 55.946 384 47.879V14.574c0-7.953 6.447-14.4 14.4-14.4L561.6 0c7.953 0 14.4 6.447 14.4 14.4zM427.515 233.74l-24 24a12.002 12.002 0 0 0-3.515 8.485V458a6 6 0 0 1-6 6H54a6 6 0 0 1-6-6V118a6 6 0 0 1 6-6h301.976c10.691 0 16.045-12.926 8.485-20.485l-24-24A12.002 12.002 0 0 0 331.976 64H48C21.49 64 0 85.49 0 112v352c0 26.51 21.49 48 48 48h352c26.51 0 48-21.49 48-48V242.225c0-10.691-12.926-16.045-20.485-8.485z\"><\/path><\/svg>\n\t\t\t\t\t\t\t\t\t<\/span>\n\t\t\t\t\t\t\t\t<\/div>\n\t\t\t\t\t\t\t<\/div>\n\t\t\t\t\t\t\t<figcaption>\n\t\t\t\t\t\t\t\t<h3>Restored tracks<\/h3>\n\t\t\t\t\t\t\t<\/figcaption>\n\t\t\t\t\t\t<\/figure>\n\t\t\t\t\t\t\t\t\t\t<\/a>\n\t\t\t\t\t\t\t\t\t<\/div>\n\t\t\t\t\t<\/div>\n\t<\/section>\n","protected":false},"excerpt":{"rendered":"","protected":false},"author":1,"featured_media":0,"parent":0,"menu_order":0,"comment_status":"closed","ping_status":"closed","template":"","meta":{"_acf_changed":false,"footnotes":""},"class_list":["post-436","page","type-page","status-publish","hentry"],"acf":[],"yoast_head":"<!-- This site is optimized with the Yoast SEO plugin v25.9 - https:\/\/yoast.com\/wordpress\/plugins\/seo\/ -->\n<title>We sell new ECV-tracks and restored forest machinery tracks | Restore O\u00dc<\/title>\n<meta name=\"description\" content=\"ma t\u00f6\u00f6s kasutame parimaid materjale ja t\u00e4nap\u00e4evast tehnoloogiat. Anname garantii tehtud t\u00f6\u00f6dele, metsamasina lintide juures kasutatud eriterastele...\" \/>\n<meta name=\"robots\" content=\"index, follow, max-snippet:-1, max-image-preview:large, max-video-preview:-1\" \/>\n<link rel=\"canonical\" href=\"https:\/\/restored.ee\/en\/sale-of-forest-machinery-tracks\/\" \/>\n<meta property=\"og:locale\" content=\"en_US\" \/>\n<meta property=\"og:type\" content=\"article\" \/>\n<meta property=\"og:title\" content=\"We sell new ECV-tracks and restored forest machinery tracks | Restore O\u00dc\" \/>\n<meta property=\"og:description\" content=\"ma t\u00f6\u00f6s kasutame parimaid materjale ja t\u00e4nap\u00e4evast tehnoloogiat. Anname garantii tehtud t\u00f6\u00f6dele, metsamasina lintide juures kasutatud eriterastele...\" \/>\n<meta property=\"og:url\" content=\"https:\/\/restored.ee\/en\/sale-of-forest-machinery-tracks\/\" \/>\n<meta property=\"og:site_name\" content=\"Restored\" \/>\n<meta property=\"article:modified_time\" content=\"2024-08-12T16:56:45+00:00\" \/>\n<meta property=\"og:image\" content=\"https:\/\/restored.ee\/wp-content\/uploads\/2019\/07\/slider-image-scaled.jpg\" \/>\n\t<meta property=\"og:image:width\" content=\"2560\" \/>\n\t<meta property=\"og:image:height\" content=\"1920\" \/>\n\t<meta property=\"og:image:type\" content=\"image\/jpeg\" \/>\n<meta name=\"twitter:card\" content=\"summary_large_image\" \/>\n<script type=\"application\/ld+json\" class=\"yoast-schema-graph\">{\"@context\":\"https:\/\/schema.org\",\"@graph\":[{\"@type\":\"WebPage\",\"@id\":\"https:\/\/restored.ee\/en\/sale-of-forest-machinery-tracks\/\",\"url\":\"https:\/\/restored.ee\/en\/sale-of-forest-machinery-tracks\/\",\"name\":\"We sell new ECV-tracks and restored forest machinery tracks | Restore O\u00dc\",\"isPartOf\":{\"@id\":\"https:\/\/restored.ee\/en\/#website\"},\"datePublished\":\"2019-06-05T13:01:43+00:00\",\"dateModified\":\"2024-08-12T16:56:45+00:00\",\"description\":\"ma t\u00f6\u00f6s kasutame parimaid materjale ja t\u00e4nap\u00e4evast tehnoloogiat. Anname garantii tehtud t\u00f6\u00f6dele, metsamasina lintide juures kasutatud eriterastele...\",\"breadcrumb\":{\"@id\":\"https:\/\/restored.ee\/en\/sale-of-forest-machinery-tracks\/#breadcrumb\"},\"inLanguage\":\"en-US\",\"potentialAction\":[{\"@type\":\"ReadAction\",\"target\":[\"https:\/\/restored.ee\/en\/sale-of-forest-machinery-tracks\/\"]}]},{\"@type\":\"BreadcrumbList\",\"@id\":\"https:\/\/restored.ee\/en\/sale-of-forest-machinery-tracks\/#breadcrumb\",\"itemListElement\":[{\"@type\":\"ListItem\",\"position\":1,\"name\":\"Home\",\"item\":\"https:\/\/restored.ee\/en\/\"},{\"@type\":\"ListItem\",\"position\":2,\"name\":\"Sale of forest machinery tracks\"}]},{\"@type\":\"WebSite\",\"@id\":\"https:\/\/restored.ee\/en\/#website\",\"url\":\"https:\/\/restored.ee\/en\/\",\"name\":\"Restored\",\"description\":\"Metsamasina lintide taastamine ja m\u00fc\u00fck\",\"publisher\":{\"@id\":\"https:\/\/restored.ee\/en\/#organization\"},\"potentialAction\":[{\"@type\":\"SearchAction\",\"target\":{\"@type\":\"EntryPoint\",\"urlTemplate\":\"https:\/\/restored.ee\/en\/?s={search_term_string}\"},\"query-input\":{\"@type\":\"PropertyValueSpecification\",\"valueRequired\":true,\"valueName\":\"search_term_string\"}}],\"inLanguage\":\"en-US\"},{\"@type\":\"Organization\",\"@id\":\"https:\/\/restored.ee\/en\/#organization\",\"name\":\"Restore O\u00dc\",\"url\":\"https:\/\/restored.ee\/en\/\",\"logo\":{\"@type\":\"ImageObject\",\"inLanguage\":\"en-US\",\"@id\":\"https:\/\/restored.ee\/en\/#\/schema\/logo\/image\/\",\"url\":\"https:\/\/restored.ee\/wp-content\/uploads\/2019\/06\/restore-logo.png\",\"contentUrl\":\"https:\/\/restored.ee\/wp-content\/uploads\/2019\/06\/restore-logo.png\",\"width\":241,\"height\":50,\"caption\":\"Restore O\u00dc\"},\"image\":{\"@id\":\"https:\/\/restored.ee\/en\/#\/schema\/logo\/image\/\"}}]}<\/script>\n<!-- \/ Yoast SEO plugin. -->","yoast_head_json":{"title":"We sell new ECV-tracks and restored forest machinery tracks | Restore O\u00dc","description":"ma t\u00f6\u00f6s kasutame parimaid materjale ja t\u00e4nap\u00e4evast tehnoloogiat. Anname garantii tehtud t\u00f6\u00f6dele, metsamasina lintide juures kasutatud eriterastele...","robots":{"index":"index","follow":"follow","max-snippet":"max-snippet:-1","max-image-preview":"max-image-preview:large","max-video-preview":"max-video-preview:-1"},"canonical":"https:\/\/restored.ee\/en\/sale-of-forest-machinery-tracks\/","og_locale":"en_US","og_type":"article","og_title":"We sell new ECV-tracks and restored forest machinery tracks | Restore O\u00dc","og_description":"ma t\u00f6\u00f6s kasutame parimaid materjale ja t\u00e4nap\u00e4evast tehnoloogiat. Anname garantii tehtud t\u00f6\u00f6dele, metsamasina lintide juures kasutatud eriterastele...","og_url":"https:\/\/restored.ee\/en\/sale-of-forest-machinery-tracks\/","og_site_name":"Restored","article_modified_time":"2024-08-12T16:56:45+00:00","og_image":[{"width":2560,"height":1920,"url":"https:\/\/restored.ee\/wp-content\/uploads\/2019\/07\/slider-image-scaled.jpg","type":"image\/jpeg"}],"twitter_card":"summary_large_image","schema":{"@context":"https:\/\/schema.org","@graph":[{"@type":"WebPage","@id":"https:\/\/restored.ee\/en\/sale-of-forest-machinery-tracks\/","url":"https:\/\/restored.ee\/en\/sale-of-forest-machinery-tracks\/","name":"We sell new ECV-tracks and restored forest machinery tracks | Restore O\u00dc","isPartOf":{"@id":"https:\/\/restored.ee\/en\/#website"},"datePublished":"2019-06-05T13:01:43+00:00","dateModified":"2024-08-12T16:56:45+00:00","description":"ma t\u00f6\u00f6s kasutame parimaid materjale ja t\u00e4nap\u00e4evast tehnoloogiat. Anname garantii tehtud t\u00f6\u00f6dele, metsamasina lintide juures kasutatud eriterastele...","breadcrumb":{"@id":"https:\/\/restored.ee\/en\/sale-of-forest-machinery-tracks\/#breadcrumb"},"inLanguage":"en-US","potentialAction":[{"@type":"ReadAction","target":["https:\/\/restored.ee\/en\/sale-of-forest-machinery-tracks\/"]}]},{"@type":"BreadcrumbList","@id":"https:\/\/restored.ee\/en\/sale-of-forest-machinery-tracks\/#breadcrumb","itemListElement":[{"@type":"ListItem","position":1,"name":"Home","item":"https:\/\/restored.ee\/en\/"},{"@type":"ListItem","position":2,"name":"Sale of forest machinery tracks"}]},{"@type":"WebSite","@id":"https:\/\/restored.ee\/en\/#website","url":"https:\/\/restored.ee\/en\/","name":"Restored","description":"Metsamasina lintide taastamine ja m\u00fc\u00fck","publisher":{"@id":"https:\/\/restored.ee\/en\/#organization"},"potentialAction":[{"@type":"SearchAction","target":{"@type":"EntryPoint","urlTemplate":"https:\/\/restored.ee\/en\/?s={search_term_string}"},"query-input":{"@type":"PropertyValueSpecification","valueRequired":true,"valueName":"search_term_string"}}],"inLanguage":"en-US"},{"@type":"Organization","@id":"https:\/\/restored.ee\/en\/#organization","name":"Restore O\u00dc","url":"https:\/\/restored.ee\/en\/","logo":{"@type":"ImageObject","inLanguage":"en-US","@id":"https:\/\/restored.ee\/en\/#\/schema\/logo\/image\/","url":"https:\/\/restored.ee\/wp-content\/uploads\/2019\/06\/restore-logo.png","contentUrl":"https:\/\/restored.ee\/wp-content\/uploads\/2019\/06\/restore-logo.png","width":241,"height":50,"caption":"Restore O\u00dc"},"image":{"@id":"https:\/\/restored.ee\/en\/#\/schema\/logo\/image\/"}}]}},"_links":{"self":[{"href":"https:\/\/restored.ee\/en\/wp-json\/wp\/v2\/pages\/436","targetHints":{"allow":["GET"]}}],"collection":[{"href":"https:\/\/restored.ee\/en\/wp-json\/wp\/v2\/pages"}],"about":[{"href":"https:\/\/restored.ee\/en\/wp-json\/wp\/v2\/types\/page"}],"author":[{"embeddable":true,"href":"https:\/\/restored.ee\/en\/wp-json\/wp\/v2\/users\/1"}],"replies":[{"embeddable":true,"href":"https:\/\/restored.ee\/en\/wp-json\/wp\/v2\/comments?post=436"}],"version-history":[{"count":5,"href":"https:\/\/restored.ee\/en\/wp-json\/wp\/v2\/pages\/436\/revisions"}],"predecessor-version":[{"id":1995,"href":"https:\/\/restored.ee\/en\/wp-json\/wp\/v2\/pages\/436\/revisions\/1995"}],"wp:attachment":[{"href":"https:\/\/restored.ee\/en\/wp-json\/wp\/v2\/media?parent=436"}],"curies":[{"name":"wp","href":"https:\/\/api.w.org\/{rel}","templated":true}]}}