{"id":419,"date":"2019-06-05T12:49:52","date_gmt":"2019-06-05T12:49:52","guid":{"rendered":"https:\/\/restored.ee\/about-us\/"},"modified":"2019-07-05T14:52:05","modified_gmt":"2019-07-05T14:52:05","slug":"meista","status":"publish","type":"page","link":"https:\/\/restored.ee\/fi\/meista\/","title":{"rendered":"Meist\u00e4"},"content":{"rendered":"\n<p>Restore O\u00dc on yksityisyritys, jonka tuotteiden ja palveluiden tarkoituksena on mets\u00e4teollisuuskoneiden uusien telojen valmistus ja k\u00e4ytettyjen telojen entis\u00f6inti ja myynti. Olemme toimineet alalla jo runsaan kymmenen vuoden ajan. Olemme virolaisten ja my\u00f6s ulkomaisten mets\u00e4nhakkuuyritysten yhteisty\u00f6kumppani. Annamme takuun meid\u00e4n tekemille t\u00f6ille, mets\u00e4koneiden teloissa k\u00e4ytetyille erikoister\u00e4ksille ja niiden k\u00e4sittelylle. &nbsp;Restore O\u00dc:n tavoitteena on olla asiakkailleen vakaa ja luotettava yhteisty\u00f6kumppani ja haluamme tarjota laadukkaita palveluita ja tuotteita mahdollisimman parhaalla hintatasolla.<\/p>\n\n\n\n<div style=\"height:30px\" aria-hidden=\"true\" class=\"wp-block-spacer\"><\/div>\n\n\n\t<script type=\"text\/javascript\">\n\tjQuery(function($) {\n\t\t\/\/ gallery page lightBox\n\t\t$('#lightbox-block_5cf7cccd2779a').Chocolat();\n\n\t});\n\t<\/script>\n","protected":false},"excerpt":{"rendered":"<p>Restore O\u00dc on yksityisyritys, jonka tuotteiden ja palveluiden tarkoituksena on mets\u00e4teollisuuskoneiden uusien telojen valmistus ja k\u00e4ytettyjen telojen entis\u00f6inti ja myynti. Olemme toimineet alalla jo runsaan kymmenen vuoden ajan. Olemme virolaisten ja my\u00f6s ulkomaisten mets\u00e4nhakkuuyritysten yhteisty\u00f6kumppani. Annamme takuun meid\u00e4n tekemille t\u00f6ille, mets\u00e4koneiden teloissa k\u00e4ytetyille erikoister\u00e4ksille ja niiden k\u00e4sittelylle. &nbsp;Restore O\u00dc:n tavoitteena on olla asiakkailleen vakaa ja [&hellip;]<\/p>\n","protected":false},"author":1,"featured_media":0,"parent":0,"menu_order":0,"comment_status":"closed","ping_status":"closed","template":"","meta":{"_acf_changed":false,"footnotes":""},"class_list":["post-419","page","type-page","status-publish","hentry"],"acf":[],"yoast_head":"<!-- This site is optimized with the Yoast SEO plugin v25.9 - https:\/\/yoast.com\/wordpress\/plugins\/seo\/ -->\n<title>Mets\u00e4teollisuuskoneiden telojen valmistus ja telojen entis\u00f6inti | Restore O\u00dc<\/title>\n<meta name=\"description\" content=\"Restore O\u00dc on yksityisyritys, jonka tuotteiden ja palveluiden tarkoituksena on mets\u00e4teollisuuskoneiden uusien telojen valmistus ja k\u00e4ytettyjen...\" \/>\n<meta name=\"robots\" content=\"index, follow, max-snippet:-1, max-image-preview:large, max-video-preview:-1\" \/>\n<link rel=\"canonical\" href=\"https:\/\/restored.ee\/fi\/meista\/\" \/>\n<meta property=\"og:locale\" content=\"fi_FI\" \/>\n<meta property=\"og:type\" content=\"article\" \/>\n<meta property=\"og:title\" content=\"Mets\u00e4teollisuuskoneiden telojen valmistus ja telojen entis\u00f6inti | Restore O\u00dc\" \/>\n<meta property=\"og:description\" content=\"Restore O\u00dc on yksityisyritys, jonka tuotteiden ja palveluiden tarkoituksena on mets\u00e4teollisuuskoneiden uusien telojen valmistus ja k\u00e4ytettyjen...\" \/>\n<meta property=\"og:url\" content=\"https:\/\/restored.ee\/fi\/meista\/\" \/>\n<meta property=\"og:site_name\" content=\"Restored\" \/>\n<meta property=\"article:modified_time\" content=\"2019-07-05T14:52:05+00:00\" \/>\n<meta property=\"og:image\" content=\"https:\/\/restored.ee\/wp-content\/uploads\/2019\/07\/slider-image-scaled.jpg\" \/>\n\t<meta property=\"og:image:width\" content=\"2560\" \/>\n\t<meta property=\"og:image:height\" content=\"1920\" \/>\n\t<meta property=\"og:image:type\" content=\"image\/jpeg\" \/>\n<meta name=\"twitter:card\" content=\"summary_large_image\" \/>\n<script type=\"application\/ld+json\" class=\"yoast-schema-graph\">{\"@context\":\"https:\/\/schema.org\",\"@graph\":[{\"@type\":\"WebPage\",\"@id\":\"https:\/\/restored.ee\/fi\/meista\/\",\"url\":\"https:\/\/restored.ee\/fi\/meista\/\",\"name\":\"Mets\u00e4teollisuuskoneiden telojen valmistus ja telojen entis\u00f6inti | Restore O\u00dc\",\"isPartOf\":{\"@id\":\"https:\/\/restored.ee\/fi\/#website\"},\"datePublished\":\"2019-06-05T12:49:52+00:00\",\"dateModified\":\"2019-07-05T14:52:05+00:00\",\"description\":\"Restore O\u00dc on yksityisyritys, jonka tuotteiden ja palveluiden tarkoituksena on mets\u00e4teollisuuskoneiden uusien telojen valmistus ja k\u00e4ytettyjen...\",\"breadcrumb\":{\"@id\":\"https:\/\/restored.ee\/fi\/meista\/#breadcrumb\"},\"inLanguage\":\"fi\",\"potentialAction\":[{\"@type\":\"ReadAction\",\"target\":[\"https:\/\/restored.ee\/fi\/meista\/\"]}]},{\"@type\":\"BreadcrumbList\",\"@id\":\"https:\/\/restored.ee\/fi\/meista\/#breadcrumb\",\"itemListElement\":[{\"@type\":\"ListItem\",\"position\":1,\"name\":\"Home\",\"item\":\"https:\/\/restored.ee\/fi\/\"},{\"@type\":\"ListItem\",\"position\":2,\"name\":\"Meist\u00e4\"}]},{\"@type\":\"WebSite\",\"@id\":\"https:\/\/restored.ee\/fi\/#website\",\"url\":\"https:\/\/restored.ee\/fi\/\",\"name\":\"Restored\",\"description\":\"Metsamasina lintide taastamine ja m\u00fc\u00fck\",\"publisher\":{\"@id\":\"https:\/\/restored.ee\/fi\/#organization\"},\"potentialAction\":[{\"@type\":\"SearchAction\",\"target\":{\"@type\":\"EntryPoint\",\"urlTemplate\":\"https:\/\/restored.ee\/fi\/?s={search_term_string}\"},\"query-input\":{\"@type\":\"PropertyValueSpecification\",\"valueRequired\":true,\"valueName\":\"search_term_string\"}}],\"inLanguage\":\"fi\"},{\"@type\":\"Organization\",\"@id\":\"https:\/\/restored.ee\/fi\/#organization\",\"name\":\"Restore O\u00dc\",\"url\":\"https:\/\/restored.ee\/fi\/\",\"logo\":{\"@type\":\"ImageObject\",\"inLanguage\":\"fi\",\"@id\":\"https:\/\/restored.ee\/fi\/#\/schema\/logo\/image\/\",\"url\":\"https:\/\/restored.ee\/wp-content\/uploads\/2019\/06\/restore-logo.png\",\"contentUrl\":\"https:\/\/restored.ee\/wp-content\/uploads\/2019\/06\/restore-logo.png\",\"width\":241,\"height\":50,\"caption\":\"Restore O\u00dc\"},\"image\":{\"@id\":\"https:\/\/restored.ee\/fi\/#\/schema\/logo\/image\/\"}}]}<\/script>\n<!-- \/ Yoast SEO plugin. -->","yoast_head_json":{"title":"Mets\u00e4teollisuuskoneiden telojen valmistus ja telojen entis\u00f6inti | Restore O\u00dc","description":"Restore O\u00dc on yksityisyritys, jonka tuotteiden ja palveluiden tarkoituksena on mets\u00e4teollisuuskoneiden uusien telojen valmistus ja k\u00e4ytettyjen...","robots":{"index":"index","follow":"follow","max-snippet":"max-snippet:-1","max-image-preview":"max-image-preview:large","max-video-preview":"max-video-preview:-1"},"canonical":"https:\/\/restored.ee\/fi\/meista\/","og_locale":"fi_FI","og_type":"article","og_title":"Mets\u00e4teollisuuskoneiden telojen valmistus ja telojen entis\u00f6inti | Restore O\u00dc","og_description":"Restore O\u00dc on yksityisyritys, jonka tuotteiden ja palveluiden tarkoituksena on mets\u00e4teollisuuskoneiden uusien telojen valmistus ja k\u00e4ytettyjen...","og_url":"https:\/\/restored.ee\/fi\/meista\/","og_site_name":"Restored","article_modified_time":"2019-07-05T14:52:05+00:00","og_image":[{"width":2560,"height":1920,"url":"https:\/\/restored.ee\/wp-content\/uploads\/2019\/07\/slider-image-scaled.jpg","type":"image\/jpeg"}],"twitter_card":"summary_large_image","schema":{"@context":"https:\/\/schema.org","@graph":[{"@type":"WebPage","@id":"https:\/\/restored.ee\/fi\/meista\/","url":"https:\/\/restored.ee\/fi\/meista\/","name":"Mets\u00e4teollisuuskoneiden telojen valmistus ja telojen entis\u00f6inti | Restore O\u00dc","isPartOf":{"@id":"https:\/\/restored.ee\/fi\/#website"},"datePublished":"2019-06-05T12:49:52+00:00","dateModified":"2019-07-05T14:52:05+00:00","description":"Restore O\u00dc on yksityisyritys, jonka tuotteiden ja palveluiden tarkoituksena on mets\u00e4teollisuuskoneiden uusien telojen valmistus ja k\u00e4ytettyjen...","breadcrumb":{"@id":"https:\/\/restored.ee\/fi\/meista\/#breadcrumb"},"inLanguage":"fi","potentialAction":[{"@type":"ReadAction","target":["https:\/\/restored.ee\/fi\/meista\/"]}]},{"@type":"BreadcrumbList","@id":"https:\/\/restored.ee\/fi\/meista\/#breadcrumb","itemListElement":[{"@type":"ListItem","position":1,"name":"Home","item":"https:\/\/restored.ee\/fi\/"},{"@type":"ListItem","position":2,"name":"Meist\u00e4"}]},{"@type":"WebSite","@id":"https:\/\/restored.ee\/fi\/#website","url":"https:\/\/restored.ee\/fi\/","name":"Restored","description":"Metsamasina lintide taastamine ja m\u00fc\u00fck","publisher":{"@id":"https:\/\/restored.ee\/fi\/#organization"},"potentialAction":[{"@type":"SearchAction","target":{"@type":"EntryPoint","urlTemplate":"https:\/\/restored.ee\/fi\/?s={search_term_string}"},"query-input":{"@type":"PropertyValueSpecification","valueRequired":true,"valueName":"search_term_string"}}],"inLanguage":"fi"},{"@type":"Organization","@id":"https:\/\/restored.ee\/fi\/#organization","name":"Restore O\u00dc","url":"https:\/\/restored.ee\/fi\/","logo":{"@type":"ImageObject","inLanguage":"fi","@id":"https:\/\/restored.ee\/fi\/#\/schema\/logo\/image\/","url":"https:\/\/restored.ee\/wp-content\/uploads\/2019\/06\/restore-logo.png","contentUrl":"https:\/\/restored.ee\/wp-content\/uploads\/2019\/06\/restore-logo.png","width":241,"height":50,"caption":"Restore O\u00dc"},"image":{"@id":"https:\/\/restored.ee\/fi\/#\/schema\/logo\/image\/"}}]}},"_links":{"self":[{"href":"https:\/\/restored.ee\/fi\/wp-json\/wp\/v2\/pages\/419","targetHints":{"allow":["GET"]}}],"collection":[{"href":"https:\/\/restored.ee\/fi\/wp-json\/wp\/v2\/pages"}],"about":[{"href":"https:\/\/restored.ee\/fi\/wp-json\/wp\/v2\/types\/page"}],"author":[{"embeddable":true,"href":"https:\/\/restored.ee\/fi\/wp-json\/wp\/v2\/users\/1"}],"replies":[{"embeddable":true,"href":"https:\/\/restored.ee\/fi\/wp-json\/wp\/v2\/comments?post=419"}],"version-history":[{"count":3,"href":"https:\/\/restored.ee\/fi\/wp-json\/wp\/v2\/pages\/419\/revisions"}],"predecessor-version":[{"id":574,"href":"https:\/\/restored.ee\/fi\/wp-json\/wp\/v2\/pages\/419\/revisions\/574"}],"wp:attachment":[{"href":"https:\/\/restored.ee\/fi\/wp-json\/wp\/v2\/media?parent=419"}],"curies":[{"name":"wp","href":"https:\/\/api.w.org\/{rel}","templated":true}]}}