{"id":430,"date":"2019-06-05T12:56:27","date_gmt":"2019-06-05T12:56:27","guid":{"rendered":"https:\/\/restored.ee\/restoration-of-forest-machinery-tracks\/"},"modified":"2023-10-11T06:24:20","modified_gmt":"2023-10-11T06:24:20","slug":"metsakoneen-telojen-entisointi","status":"publish","type":"page","link":"https:\/\/restored.ee\/fi\/metsakoneen-telojen-entisointi\/","title":{"rendered":"Mets\u00e4koneen telojen entis\u00f6inti"},"content":{"rendered":"<h6 class=\"pb-2 col-lg-7 pl-0\">Meid\u00e4n entis\u00f6im\u00e4t telat ovat huomattavasti kest\u00e4v\u00e4mpi\u00e4 kuin alkuper\u00e4iset tuotteet, joten meid\u00e4n palvelun k\u00e4ytt\u00f6 auttaa s\u00e4\u00e4st\u00e4m\u00e4\u00e4n aikaa ja rahaa<\/h6>\n\n\n\n<section class=\"restoring move-list\">\n\t<div class=\"row\">\n\t\t<div class=\"col-lg-7 text-content wow fadeInDown\">\n\t\t\t<p>Tilaamalla mets\u00e4koneen telojen entis\u00f6innin meilt\u00e4 s\u00e4\u00e4st\u00e4tte aikaa ja rahaa, sill\u00e4 pystymme tarjoamaan asiakkaille parhaan laatutason erikoister\u00e4ksi\u00e4 telojen kuluvissa osissa. Pystymme ter\u00e4ksen parhaan mahdollisen karkaisuasteen saavuttamisen ja erikoistilauksissa ter\u00e4sseokseen koostumukseen lis\u00e4tyn mangaani (Mn) ansiosta tarjoamaan erinomaisen kulumiskest\u00e4vyyden omaavat varaosat mets\u00e4koneiden teloja varten. K\u00e4yt\u00e4mme telojen entis\u00f6inniss\u00e4 halkaisijaltaan 28 mm liitoslenkkej\u00e4, jossa aukon koko on 20x50mm, joten koko telater\u00e4n resurssi on hy\u00f6dynnetty mahdollisimman tarkasti.<\/p>\n\t\t<\/div>\n\t\t<div class=\"col-lg-5 wow slideInRight\">\n\t\t\t\t\t\t\t<ul class=\"restored\">\n\t\t\t\t\t\t\t\t\t\t\t<li>ter\u00e4ksen maksimikarkaisu<\/li>\n\t\t\t\t\t\t\t\t\t\t\t<li>lis\u00e4mangaani (Mn) erikoister\u00e4ksiss\u00e4<\/li>\n\t\t\t\t\t\t\t\t\t\t\t<li>monikertaisesti parempi kest\u00e4vyys k\u00e4yt\u00f6ss\u00e4<\/li>\n\t\t\t\t\t\t\t\t\t\t\t<li>takuu<\/li>\n\t\t\t\t\t\t\t\t\t\t\t<li>auttaa hy\u00f6dynt\u00e4m\u00e4\u00e4n koko telater\u00e4n resurssin <\/li>\n\t\t\t\t\t\t\t\t\t<\/ul>\n\t\t\t\t\t<\/div>\n\t<\/div>\n<\/section>\n\n\n\n<h2 class=\"wp-block-heading\">Telojen entis\u00f6intiprosessi<\/h2>\n\n\n<section class=\"gallery\">\n\t<div id=\"lightbox-block_5cf7bab3d307d\" class=\"row wow fadeInDown\" data-wow-delay=\"0.8s\" style=\"visibility:hidden;\">\n\t\t\t\t\t<div class=\"col-sm-6 col-lg-4\">\n\t\t\t\t<a class=\"chocolat-image\" href=\"https:\/\/restored.ee\/wp-content\/uploads\/2019\/06\/metsamasina-lintide-taastamine-3.jpg\">\n\t\t\t\t\t<figure>\n\t\t\t\t\t\t<div class=\"hover\">\n\t\t\t\t\t\t\t<img decoding=\"async\" class=\"img-fluid\" src=\"https:\/\/restored.ee\/wp-content\/uploads\/2019\/06\/metsamasina-lintide-taastamine-3-350x265.jpg\" alt=\"Metsamasina lintide taastamise protsess 3\">\n\t\t\t\t\t\t\t<div class=\"overlay\">\n\t\t\t\t\t\t\t\t<span>\n\t\t\t\t\t\t\t\t\t<svg aria-hidden=\"true\" focusable=\"false\" height=\"33\" width=\"33\" data-prefix=\"fas\" data-icon=\"plus-circle\" class=\"svg-inline--fa fa-plus-circle fa-w-16\" role=\"img\" xmlns=\"http:\/\/www.w3.org\/2000\/svg\" viewBox=\"0 0 512 512\">\n\t\t\t\t\t\t\t\t\t\t<path fill=\"#fff\" d=\"M256 8C119 8 8 119 8 256s111 248 248 248 248-111 248-248S393 8 256 8zm144 276c0 6.6-5.4 12-12 12h-92v92c0 6.6-5.4 12-12 12h-56c-6.6 0-12-5.4-12-12v-92h-92c-6.6 0-12-5.4-12-12v-56c0-6.6 5.4-12 12-12h92v-92c0-6.6 5.4-12 12-12h56c6.6 0 12 5.4 12 12v92h92c6.6 0 12 5.4 12 12v56z\"><\/path>\n\t\t\t\t\t\t\t\t\t<\/svg>\n\t\t\t\t\t\t\t\t<\/span>\n\t\t\t\t\t\t\t<\/div>\n\t\t\t\t\t\t<\/div>\n\t\t\t\t\t\t\t\t\t\t\t<\/figure>\n\t\t\t\t<\/a>\n\t\t\t<\/div>\n\t\t\t\t\t<div class=\"col-sm-6 col-lg-4\">\n\t\t\t\t<a class=\"chocolat-image\" href=\"https:\/\/restored.ee\/wp-content\/uploads\/2019\/06\/metsamasina-lintide-taastamine-2.jpg\">\n\t\t\t\t\t<figure>\n\t\t\t\t\t\t<div class=\"hover\">\n\t\t\t\t\t\t\t<img decoding=\"async\" class=\"img-fluid\" src=\"https:\/\/restored.ee\/wp-content\/uploads\/2019\/06\/metsamasina-lintide-taastamine-2-350x265.jpg\" alt=\"Metsamasina lintide taastamise protsess 2\">\n\t\t\t\t\t\t\t<div class=\"overlay\">\n\t\t\t\t\t\t\t\t<span>\n\t\t\t\t\t\t\t\t\t<svg aria-hidden=\"true\" focusable=\"false\" height=\"33\" width=\"33\" data-prefix=\"fas\" data-icon=\"plus-circle\" class=\"svg-inline--fa fa-plus-circle fa-w-16\" role=\"img\" xmlns=\"http:\/\/www.w3.org\/2000\/svg\" viewBox=\"0 0 512 512\">\n\t\t\t\t\t\t\t\t\t\t<path fill=\"#fff\" d=\"M256 8C119 8 8 119 8 256s111 248 248 248 248-111 248-248S393 8 256 8zm144 276c0 6.6-5.4 12-12 12h-92v92c0 6.6-5.4 12-12 12h-56c-6.6 0-12-5.4-12-12v-92h-92c-6.6 0-12-5.4-12-12v-56c0-6.6 5.4-12 12-12h92v-92c0-6.6 5.4-12 12-12h56c6.6 0 12 5.4 12 12v92h92c6.6 0 12 5.4 12 12v56z\"><\/path>\n\t\t\t\t\t\t\t\t\t<\/svg>\n\t\t\t\t\t\t\t\t<\/span>\n\t\t\t\t\t\t\t<\/div>\n\t\t\t\t\t\t<\/div>\n\t\t\t\t\t\t\t\t\t\t\t<\/figure>\n\t\t\t\t<\/a>\n\t\t\t<\/div>\n\t\t\t\t\t<div class=\"col-sm-6 col-lg-4\">\n\t\t\t\t<a class=\"chocolat-image\" href=\"https:\/\/restored.ee\/wp-content\/uploads\/2019\/06\/metsamasina-lintide-taastamine-1.jpg\">\n\t\t\t\t\t<figure>\n\t\t\t\t\t\t<div class=\"hover\">\n\t\t\t\t\t\t\t<img decoding=\"async\" class=\"img-fluid\" src=\"https:\/\/restored.ee\/wp-content\/uploads\/2019\/06\/metsamasina-lintide-taastamine-1-350x265.jpg\" alt=\"Metsamasina lintide taastamise protsess\">\n\t\t\t\t\t\t\t<div class=\"overlay\">\n\t\t\t\t\t\t\t\t<span>\n\t\t\t\t\t\t\t\t\t<svg aria-hidden=\"true\" focusable=\"false\" height=\"33\" width=\"33\" data-prefix=\"fas\" data-icon=\"plus-circle\" class=\"svg-inline--fa fa-plus-circle fa-w-16\" role=\"img\" xmlns=\"http:\/\/www.w3.org\/2000\/svg\" viewBox=\"0 0 512 512\">\n\t\t\t\t\t\t\t\t\t\t<path fill=\"#fff\" d=\"M256 8C119 8 8 119 8 256s111 248 248 248 248-111 248-248S393 8 256 8zm144 276c0 6.6-5.4 12-12 12h-92v92c0 6.6-5.4 12-12 12h-56c-6.6 0-12-5.4-12-12v-92h-92c-6.6 0-12-5.4-12-12v-56c0-6.6 5.4-12 12-12h92v-92c0-6.6 5.4-12 12-12h56c6.6 0 12 5.4 12 12v92h92c6.6 0 12 5.4 12 12v56z\"><\/path>\n\t\t\t\t\t\t\t\t\t<\/svg>\n\t\t\t\t\t\t\t\t<\/span>\n\t\t\t\t\t\t\t<\/div>\n\t\t\t\t\t\t<\/div>\n\t\t\t\t\t\t\t\t\t\t\t<\/figure>\n\t\t\t\t<\/a>\n\t\t\t<\/div>\n\t\t\t\t\t<div class=\"col-sm-6 col-lg-4\">\n\t\t\t\t<a class=\"chocolat-image\" href=\"https:\/\/restored.ee\/wp-content\/uploads\/2019\/06\/lintide-tootmine.jpg\">\n\t\t\t\t\t<figure>\n\t\t\t\t\t\t<div class=\"hover\">\n\t\t\t\t\t\t\t<img decoding=\"async\" class=\"img-fluid\" src=\"https:\/\/restored.ee\/wp-content\/uploads\/2019\/06\/lintide-tootmine-350x265.jpg\" alt=\"Lintide toomtmine 1\">\n\t\t\t\t\t\t\t<div class=\"overlay\">\n\t\t\t\t\t\t\t\t<span>\n\t\t\t\t\t\t\t\t\t<svg aria-hidden=\"true\" focusable=\"false\" height=\"33\" width=\"33\" data-prefix=\"fas\" data-icon=\"plus-circle\" class=\"svg-inline--fa fa-plus-circle fa-w-16\" role=\"img\" xmlns=\"http:\/\/www.w3.org\/2000\/svg\" viewBox=\"0 0 512 512\">\n\t\t\t\t\t\t\t\t\t\t<path fill=\"#fff\" d=\"M256 8C119 8 8 119 8 256s111 248 248 248 248-111 248-248S393 8 256 8zm144 276c0 6.6-5.4 12-12 12h-92v92c0 6.6-5.4 12-12 12h-56c-6.6 0-12-5.4-12-12v-92h-92c-6.6 0-12-5.4-12-12v-56c0-6.6 5.4-12 12-12h92v-92c0-6.6 5.4-12 12-12h56c6.6 0 12 5.4 12 12v92h92c6.6 0 12 5.4 12 12v56z\"><\/path>\n\t\t\t\t\t\t\t\t\t<\/svg>\n\t\t\t\t\t\t\t\t<\/span>\n\t\t\t\t\t\t\t<\/div>\n\t\t\t\t\t\t<\/div>\n\t\t\t\t\t\t\t\t\t\t\t<\/figure>\n\t\t\t\t<\/a>\n\t\t\t<\/div>\n\t\t\t\t\t<div class=\"col-sm-6 col-lg-4\">\n\t\t\t\t<a class=\"chocolat-image\" href=\"https:\/\/restored.ee\/wp-content\/uploads\/2019\/06\/lintide-tootmine-1.jpg\">\n\t\t\t\t\t<figure>\n\t\t\t\t\t\t<div class=\"hover\">\n\t\t\t\t\t\t\t<img decoding=\"async\" class=\"img-fluid\" src=\"https:\/\/restored.ee\/wp-content\/uploads\/2019\/06\/lintide-tootmine-1-350x265.jpg\" alt=\"Lintide tootmine 2\">\n\t\t\t\t\t\t\t<div class=\"overlay\">\n\t\t\t\t\t\t\t\t<span>\n\t\t\t\t\t\t\t\t\t<svg aria-hidden=\"true\" focusable=\"false\" height=\"33\" width=\"33\" data-prefix=\"fas\" data-icon=\"plus-circle\" class=\"svg-inline--fa fa-plus-circle fa-w-16\" role=\"img\" xmlns=\"http:\/\/www.w3.org\/2000\/svg\" viewBox=\"0 0 512 512\">\n\t\t\t\t\t\t\t\t\t\t<path fill=\"#fff\" d=\"M256 8C119 8 8 119 8 256s111 248 248 248 248-111 248-248S393 8 256 8zm144 276c0 6.6-5.4 12-12 12h-92v92c0 6.6-5.4 12-12 12h-56c-6.6 0-12-5.4-12-12v-92h-92c-6.6 0-12-5.4-12-12v-56c0-6.6 5.4-12 12-12h92v-92c0-6.6 5.4-12 12-12h56c6.6 0 12 5.4 12 12v92h92c6.6 0 12 5.4 12 12v56z\"><\/path>\n\t\t\t\t\t\t\t\t\t<\/svg>\n\t\t\t\t\t\t\t\t<\/span>\n\t\t\t\t\t\t\t<\/div>\n\t\t\t\t\t\t<\/div>\n\t\t\t\t\t\t\t\t\t\t\t<\/figure>\n\t\t\t\t<\/a>\n\t\t\t<\/div>\n\t\t\t\t\t<div class=\"col-sm-6 col-lg-4\">\n\t\t\t\t<a class=\"chocolat-image\" href=\"https:\/\/restored.ee\/wp-content\/uploads\/2022\/07\/img_8258-scaled.jpg\">\n\t\t\t\t\t<figure>\n\t\t\t\t\t\t<div class=\"hover\">\n\t\t\t\t\t\t\t<img decoding=\"async\" class=\"img-fluid\" src=\"https:\/\/restored.ee\/wp-content\/uploads\/2022\/07\/img_8258-350x265.jpg\" alt=\"\">\n\t\t\t\t\t\t\t<div class=\"overlay\">\n\t\t\t\t\t\t\t\t<span>\n\t\t\t\t\t\t\t\t\t<svg aria-hidden=\"true\" focusable=\"false\" height=\"33\" width=\"33\" data-prefix=\"fas\" data-icon=\"plus-circle\" class=\"svg-inline--fa fa-plus-circle fa-w-16\" role=\"img\" xmlns=\"http:\/\/www.w3.org\/2000\/svg\" viewBox=\"0 0 512 512\">\n\t\t\t\t\t\t\t\t\t\t<path fill=\"#fff\" d=\"M256 8C119 8 8 119 8 256s111 248 248 248 248-111 248-248S393 8 256 8zm144 276c0 6.6-5.4 12-12 12h-92v92c0 6.6-5.4 12-12 12h-56c-6.6 0-12-5.4-12-12v-92h-92c-6.6 0-12-5.4-12-12v-56c0-6.6 5.4-12 12-12h92v-92c0-6.6 5.4-12 12-12h56c6.6 0 12 5.4 12 12v92h92c6.6 0 12 5.4 12 12v56z\"><\/path>\n\t\t\t\t\t\t\t\t\t<\/svg>\n\t\t\t\t\t\t\t\t<\/span>\n\t\t\t\t\t\t\t<\/div>\n\t\t\t\t\t\t<\/div>\n\t\t\t\t\t\t\t\t\t\t\t<\/figure>\n\t\t\t\t<\/a>\n\t\t\t<\/div>\n\t\t\t\t\t<div class=\"col-sm-6 col-lg-4\">\n\t\t\t\t<a class=\"chocolat-image\" href=\"https:\/\/restored.ee\/wp-content\/uploads\/2022\/07\/img_8268-scaled.jpg\">\n\t\t\t\t\t<figure>\n\t\t\t\t\t\t<div class=\"hover\">\n\t\t\t\t\t\t\t<img decoding=\"async\" class=\"img-fluid\" src=\"https:\/\/restored.ee\/wp-content\/uploads\/2022\/07\/img_8268-350x265.jpg\" alt=\"\">\n\t\t\t\t\t\t\t<div class=\"overlay\">\n\t\t\t\t\t\t\t\t<span>\n\t\t\t\t\t\t\t\t\t<svg aria-hidden=\"true\" focusable=\"false\" height=\"33\" width=\"33\" data-prefix=\"fas\" data-icon=\"plus-circle\" class=\"svg-inline--fa fa-plus-circle fa-w-16\" role=\"img\" xmlns=\"http:\/\/www.w3.org\/2000\/svg\" viewBox=\"0 0 512 512\">\n\t\t\t\t\t\t\t\t\t\t<path fill=\"#fff\" d=\"M256 8C119 8 8 119 8 256s111 248 248 248 248-111 248-248S393 8 256 8zm144 276c0 6.6-5.4 12-12 12h-92v92c0 6.6-5.4 12-12 12h-56c-6.6 0-12-5.4-12-12v-92h-92c-6.6 0-12-5.4-12-12v-56c0-6.6 5.4-12 12-12h92v-92c0-6.6 5.4-12 12-12h56c6.6 0 12 5.4 12 12v92h92c6.6 0 12 5.4 12 12v56z\"><\/path>\n\t\t\t\t\t\t\t\t\t<\/svg>\n\t\t\t\t\t\t\t\t<\/span>\n\t\t\t\t\t\t\t<\/div>\n\t\t\t\t\t\t<\/div>\n\t\t\t\t\t\t\t\t\t\t\t<\/figure>\n\t\t\t\t<\/a>\n\t\t\t<\/div>\n\t\t\t\t\t<div class=\"col-sm-6 col-lg-4\">\n\t\t\t\t<a class=\"chocolat-image\" href=\"https:\/\/restored.ee\/wp-content\/uploads\/2023\/07\/img_0573-scaled.jpg\">\n\t\t\t\t\t<figure>\n\t\t\t\t\t\t<div class=\"hover\">\n\t\t\t\t\t\t\t<img decoding=\"async\" class=\"img-fluid\" src=\"https:\/\/restored.ee\/wp-content\/uploads\/2023\/07\/img_0573-350x265.jpg\" alt=\"\">\n\t\t\t\t\t\t\t<div class=\"overlay\">\n\t\t\t\t\t\t\t\t<span>\n\t\t\t\t\t\t\t\t\t<svg aria-hidden=\"true\" focusable=\"false\" height=\"33\" width=\"33\" data-prefix=\"fas\" data-icon=\"plus-circle\" class=\"svg-inline--fa fa-plus-circle fa-w-16\" role=\"img\" xmlns=\"http:\/\/www.w3.org\/2000\/svg\" viewBox=\"0 0 512 512\">\n\t\t\t\t\t\t\t\t\t\t<path fill=\"#fff\" d=\"M256 8C119 8 8 119 8 256s111 248 248 248 248-111 248-248S393 8 256 8zm144 276c0 6.6-5.4 12-12 12h-92v92c0 6.6-5.4 12-12 12h-56c-6.6 0-12-5.4-12-12v-92h-92c-6.6 0-12-5.4-12-12v-56c0-6.6 5.4-12 12-12h92v-92c0-6.6 5.4-12 12-12h56c6.6 0 12 5.4 12 12v92h92c6.6 0 12 5.4 12 12v56z\"><\/path>\n\t\t\t\t\t\t\t\t\t<\/svg>\n\t\t\t\t\t\t\t\t<\/span>\n\t\t\t\t\t\t\t<\/div>\n\t\t\t\t\t\t<\/div>\n\t\t\t\t\t\t\t\t\t\t\t<\/figure>\n\t\t\t\t<\/a>\n\t\t\t<\/div>\n\t\t\t\t\t<div class=\"col-sm-6 col-lg-4\">\n\t\t\t\t<a class=\"chocolat-image\" href=\"https:\/\/restored.ee\/wp-content\/uploads\/2023\/10\/img_1545-scaled.jpeg\">\n\t\t\t\t\t<figure>\n\t\t\t\t\t\t<div class=\"hover\">\n\t\t\t\t\t\t\t<img decoding=\"async\" class=\"img-fluid\" src=\"https:\/\/restored.ee\/wp-content\/uploads\/2023\/10\/img_1545-350x265.jpeg\" alt=\"\">\n\t\t\t\t\t\t\t<div class=\"overlay\">\n\t\t\t\t\t\t\t\t<span>\n\t\t\t\t\t\t\t\t\t<svg aria-hidden=\"true\" focusable=\"false\" height=\"33\" width=\"33\" data-prefix=\"fas\" data-icon=\"plus-circle\" class=\"svg-inline--fa fa-plus-circle fa-w-16\" role=\"img\" xmlns=\"http:\/\/www.w3.org\/2000\/svg\" viewBox=\"0 0 512 512\">\n\t\t\t\t\t\t\t\t\t\t<path fill=\"#fff\" d=\"M256 8C119 8 8 119 8 256s111 248 248 248 248-111 248-248S393 8 256 8zm144 276c0 6.6-5.4 12-12 12h-92v92c0 6.6-5.4 12-12 12h-56c-6.6 0-12-5.4-12-12v-92h-92c-6.6 0-12-5.4-12-12v-56c0-6.6 5.4-12 12-12h92v-92c0-6.6 5.4-12 12-12h56c6.6 0 12 5.4 12 12v92h92c6.6 0 12 5.4 12 12v56z\"><\/path>\n\t\t\t\t\t\t\t\t\t<\/svg>\n\t\t\t\t\t\t\t\t<\/span>\n\t\t\t\t\t\t\t<\/div>\n\t\t\t\t\t\t<\/div>\n\t\t\t\t\t\t\t\t\t\t\t<\/figure>\n\t\t\t\t<\/a>\n\t\t\t<\/div>\n\t\t\t\t\t<div class=\"col-sm-6 col-lg-4\">\n\t\t\t\t<a class=\"chocolat-image\" href=\"https:\/\/restored.ee\/wp-content\/uploads\/2023\/10\/img_1565-scaled.jpeg\">\n\t\t\t\t\t<figure>\n\t\t\t\t\t\t<div class=\"hover\">\n\t\t\t\t\t\t\t<img decoding=\"async\" class=\"img-fluid\" src=\"https:\/\/restored.ee\/wp-content\/uploads\/2023\/10\/img_1565-350x265.jpeg\" alt=\"\">\n\t\t\t\t\t\t\t<div class=\"overlay\">\n\t\t\t\t\t\t\t\t<span>\n\t\t\t\t\t\t\t\t\t<svg aria-hidden=\"true\" focusable=\"false\" height=\"33\" width=\"33\" data-prefix=\"fas\" data-icon=\"plus-circle\" class=\"svg-inline--fa fa-plus-circle fa-w-16\" role=\"img\" xmlns=\"http:\/\/www.w3.org\/2000\/svg\" viewBox=\"0 0 512 512\">\n\t\t\t\t\t\t\t\t\t\t<path fill=\"#fff\" d=\"M256 8C119 8 8 119 8 256s111 248 248 248 248-111 248-248S393 8 256 8zm144 276c0 6.6-5.4 12-12 12h-92v92c0 6.6-5.4 12-12 12h-56c-6.6 0-12-5.4-12-12v-92h-92c-6.6 0-12-5.4-12-12v-56c0-6.6 5.4-12 12-12h92v-92c0-6.6 5.4-12 12-12h56c6.6 0 12 5.4 12 12v92h92c6.6 0 12 5.4 12 12v56z\"><\/path>\n\t\t\t\t\t\t\t\t\t<\/svg>\n\t\t\t\t\t\t\t\t<\/span>\n\t\t\t\t\t\t\t<\/div>\n\t\t\t\t\t\t<\/div>\n\t\t\t\t\t\t\t\t\t\t\t<\/figure>\n\t\t\t\t<\/a>\n\t\t\t<\/div>\n\t\t\t\t\t<div class=\"col-sm-6 col-lg-4\">\n\t\t\t\t<a class=\"chocolat-image\" href=\"https:\/\/restored.ee\/wp-content\/uploads\/2023\/10\/img_1581-scaled.jpeg\">\n\t\t\t\t\t<figure>\n\t\t\t\t\t\t<div class=\"hover\">\n\t\t\t\t\t\t\t<img decoding=\"async\" class=\"img-fluid\" src=\"https:\/\/restored.ee\/wp-content\/uploads\/2023\/10\/img_1581-350x265.jpeg\" alt=\"\">\n\t\t\t\t\t\t\t<div class=\"overlay\">\n\t\t\t\t\t\t\t\t<span>\n\t\t\t\t\t\t\t\t\t<svg aria-hidden=\"true\" focusable=\"false\" height=\"33\" width=\"33\" data-prefix=\"fas\" data-icon=\"plus-circle\" class=\"svg-inline--fa fa-plus-circle fa-w-16\" role=\"img\" xmlns=\"http:\/\/www.w3.org\/2000\/svg\" viewBox=\"0 0 512 512\">\n\t\t\t\t\t\t\t\t\t\t<path fill=\"#fff\" d=\"M256 8C119 8 8 119 8 256s111 248 248 248 248-111 248-248S393 8 256 8zm144 276c0 6.6-5.4 12-12 12h-92v92c0 6.6-5.4 12-12 12h-56c-6.6 0-12-5.4-12-12v-92h-92c-6.6 0-12-5.4-12-12v-56c0-6.6 5.4-12 12-12h92v-92c0-6.6 5.4-12 12-12h56c6.6 0 12 5.4 12 12v92h92c6.6 0 12 5.4 12 12v56z\"><\/path>\n\t\t\t\t\t\t\t\t\t<\/svg>\n\t\t\t\t\t\t\t\t<\/span>\n\t\t\t\t\t\t\t<\/div>\n\t\t\t\t\t\t<\/div>\n\t\t\t\t\t\t\t\t\t\t\t<\/figure>\n\t\t\t\t<\/a>\n\t\t\t<\/div>\n\t\t\t<\/div>\n<\/section>\n\t<script type=\"text\/javascript\">\n\tjQuery(function($) {\n\t\t\/\/ gallery page lightBox\n\t\t$('#lightbox-block_5cf7bab3d307d').Chocolat();\n\n\t});\n\t<\/script>\n","protected":false},"excerpt":{"rendered":"<p>Telojen entis\u00f6intiprosessi<\/p>\n","protected":false},"author":1,"featured_media":0,"parent":0,"menu_order":0,"comment_status":"closed","ping_status":"closed","template":"","meta":{"_acf_changed":false,"footnotes":""},"class_list":["post-430","page","type-page","status-publish","hentry"],"acf":[],"yoast_head":"<!-- This site is optimized with the Yoast SEO plugin v25.9 - https:\/\/yoast.com\/wordpress\/plugins\/seo\/ -->\n<title>Mets\u00e4koneen telojen entis\u00f6inti | Korkea laatu | Restored O\u00dc<\/title>\n<meta name=\"description\" content=\"Tilaamalla mets\u00e4koneen telojen entis\u00f6innin meilt\u00e4 s\u00e4\u00e4st\u00e4tte aikaa ja rahaa, sill\u00e4 pystymme tarjoamaan asiakkaille parhaan laatutason erikoister\u00e4ksi\u00e4...\" \/>\n<meta name=\"robots\" content=\"index, follow, max-snippet:-1, max-image-preview:large, max-video-preview:-1\" \/>\n<link rel=\"canonical\" href=\"https:\/\/restored.ee\/fi\/metsakoneen-telojen-entisointi\/\" \/>\n<meta property=\"og:locale\" content=\"fi_FI\" \/>\n<meta property=\"og:type\" content=\"article\" \/>\n<meta property=\"og:title\" content=\"Mets\u00e4koneen telojen entis\u00f6inti | Korkea laatu | Restored O\u00dc\" \/>\n<meta property=\"og:description\" content=\"Tilaamalla mets\u00e4koneen telojen entis\u00f6innin meilt\u00e4 s\u00e4\u00e4st\u00e4tte aikaa ja rahaa, sill\u00e4 pystymme tarjoamaan asiakkaille parhaan laatutason erikoister\u00e4ksi\u00e4...\" \/>\n<meta property=\"og:url\" content=\"https:\/\/restored.ee\/fi\/metsakoneen-telojen-entisointi\/\" \/>\n<meta property=\"og:site_name\" content=\"Restored\" \/>\n<meta property=\"article:modified_time\" content=\"2023-10-11T06:24:20+00:00\" \/>\n<meta property=\"og:image\" content=\"https:\/\/restored.ee\/wp-content\/uploads\/2019\/07\/slider-image-scaled.jpg\" \/>\n\t<meta property=\"og:image:width\" content=\"2560\" \/>\n\t<meta property=\"og:image:height\" content=\"1920\" \/>\n\t<meta property=\"og:image:type\" content=\"image\/jpeg\" \/>\n<meta name=\"twitter:card\" content=\"summary_large_image\" \/>\n<meta name=\"twitter:label1\" content=\"Arvioitu lukuaika\" \/>\n\t<meta name=\"twitter:data1\" content=\"1 minuutti\" \/>\n<script type=\"application\/ld+json\" class=\"yoast-schema-graph\">{\"@context\":\"https:\/\/schema.org\",\"@graph\":[{\"@type\":\"WebPage\",\"@id\":\"https:\/\/restored.ee\/fi\/metsakoneen-telojen-entisointi\/\",\"url\":\"https:\/\/restored.ee\/fi\/metsakoneen-telojen-entisointi\/\",\"name\":\"Mets\u00e4koneen telojen entis\u00f6inti | Korkea laatu | Restored O\u00dc\",\"isPartOf\":{\"@id\":\"https:\/\/restored.ee\/fi\/#website\"},\"datePublished\":\"2019-06-05T12:56:27+00:00\",\"dateModified\":\"2023-10-11T06:24:20+00:00\",\"description\":\"Tilaamalla mets\u00e4koneen telojen entis\u00f6innin meilt\u00e4 s\u00e4\u00e4st\u00e4tte aikaa ja rahaa, sill\u00e4 pystymme tarjoamaan asiakkaille parhaan laatutason erikoister\u00e4ksi\u00e4...\",\"breadcrumb\":{\"@id\":\"https:\/\/restored.ee\/fi\/metsakoneen-telojen-entisointi\/#breadcrumb\"},\"inLanguage\":\"fi\",\"potentialAction\":[{\"@type\":\"ReadAction\",\"target\":[\"https:\/\/restored.ee\/fi\/metsakoneen-telojen-entisointi\/\"]}]},{\"@type\":\"BreadcrumbList\",\"@id\":\"https:\/\/restored.ee\/fi\/metsakoneen-telojen-entisointi\/#breadcrumb\",\"itemListElement\":[{\"@type\":\"ListItem\",\"position\":1,\"name\":\"Home\",\"item\":\"https:\/\/restored.ee\/fi\/\"},{\"@type\":\"ListItem\",\"position\":2,\"name\":\"Mets\u00e4koneen telojen entis\u00f6inti\"}]},{\"@type\":\"WebSite\",\"@id\":\"https:\/\/restored.ee\/fi\/#website\",\"url\":\"https:\/\/restored.ee\/fi\/\",\"name\":\"Restored\",\"description\":\"Metsamasina lintide taastamine ja m\u00fc\u00fck\",\"publisher\":{\"@id\":\"https:\/\/restored.ee\/fi\/#organization\"},\"potentialAction\":[{\"@type\":\"SearchAction\",\"target\":{\"@type\":\"EntryPoint\",\"urlTemplate\":\"https:\/\/restored.ee\/fi\/?s={search_term_string}\"},\"query-input\":{\"@type\":\"PropertyValueSpecification\",\"valueRequired\":true,\"valueName\":\"search_term_string\"}}],\"inLanguage\":\"fi\"},{\"@type\":\"Organization\",\"@id\":\"https:\/\/restored.ee\/fi\/#organization\",\"name\":\"Restore O\u00dc\",\"url\":\"https:\/\/restored.ee\/fi\/\",\"logo\":{\"@type\":\"ImageObject\",\"inLanguage\":\"fi\",\"@id\":\"https:\/\/restored.ee\/fi\/#\/schema\/logo\/image\/\",\"url\":\"https:\/\/restored.ee\/wp-content\/uploads\/2019\/06\/restore-logo.png\",\"contentUrl\":\"https:\/\/restored.ee\/wp-content\/uploads\/2019\/06\/restore-logo.png\",\"width\":241,\"height\":50,\"caption\":\"Restore O\u00dc\"},\"image\":{\"@id\":\"https:\/\/restored.ee\/fi\/#\/schema\/logo\/image\/\"}}]}<\/script>\n<!-- \/ Yoast SEO plugin. -->","yoast_head_json":{"title":"Mets\u00e4koneen telojen entis\u00f6inti | Korkea laatu | Restored O\u00dc","description":"Tilaamalla mets\u00e4koneen telojen entis\u00f6innin meilt\u00e4 s\u00e4\u00e4st\u00e4tte aikaa ja rahaa, sill\u00e4 pystymme tarjoamaan asiakkaille parhaan laatutason erikoister\u00e4ksi\u00e4...","robots":{"index":"index","follow":"follow","max-snippet":"max-snippet:-1","max-image-preview":"max-image-preview:large","max-video-preview":"max-video-preview:-1"},"canonical":"https:\/\/restored.ee\/fi\/metsakoneen-telojen-entisointi\/","og_locale":"fi_FI","og_type":"article","og_title":"Mets\u00e4koneen telojen entis\u00f6inti | Korkea laatu | Restored O\u00dc","og_description":"Tilaamalla mets\u00e4koneen telojen entis\u00f6innin meilt\u00e4 s\u00e4\u00e4st\u00e4tte aikaa ja rahaa, sill\u00e4 pystymme tarjoamaan asiakkaille parhaan laatutason erikoister\u00e4ksi\u00e4...","og_url":"https:\/\/restored.ee\/fi\/metsakoneen-telojen-entisointi\/","og_site_name":"Restored","article_modified_time":"2023-10-11T06:24:20+00:00","og_image":[{"width":2560,"height":1920,"url":"https:\/\/restored.ee\/wp-content\/uploads\/2019\/07\/slider-image-scaled.jpg","type":"image\/jpeg"}],"twitter_card":"summary_large_image","twitter_misc":{"Arvioitu lukuaika":"1 minuutti"},"schema":{"@context":"https:\/\/schema.org","@graph":[{"@type":"WebPage","@id":"https:\/\/restored.ee\/fi\/metsakoneen-telojen-entisointi\/","url":"https:\/\/restored.ee\/fi\/metsakoneen-telojen-entisointi\/","name":"Mets\u00e4koneen telojen entis\u00f6inti | Korkea laatu | Restored O\u00dc","isPartOf":{"@id":"https:\/\/restored.ee\/fi\/#website"},"datePublished":"2019-06-05T12:56:27+00:00","dateModified":"2023-10-11T06:24:20+00:00","description":"Tilaamalla mets\u00e4koneen telojen entis\u00f6innin meilt\u00e4 s\u00e4\u00e4st\u00e4tte aikaa ja rahaa, sill\u00e4 pystymme tarjoamaan asiakkaille parhaan laatutason erikoister\u00e4ksi\u00e4...","breadcrumb":{"@id":"https:\/\/restored.ee\/fi\/metsakoneen-telojen-entisointi\/#breadcrumb"},"inLanguage":"fi","potentialAction":[{"@type":"ReadAction","target":["https:\/\/restored.ee\/fi\/metsakoneen-telojen-entisointi\/"]}]},{"@type":"BreadcrumbList","@id":"https:\/\/restored.ee\/fi\/metsakoneen-telojen-entisointi\/#breadcrumb","itemListElement":[{"@type":"ListItem","position":1,"name":"Home","item":"https:\/\/restored.ee\/fi\/"},{"@type":"ListItem","position":2,"name":"Mets\u00e4koneen telojen entis\u00f6inti"}]},{"@type":"WebSite","@id":"https:\/\/restored.ee\/fi\/#website","url":"https:\/\/restored.ee\/fi\/","name":"Restored","description":"Metsamasina lintide taastamine ja m\u00fc\u00fck","publisher":{"@id":"https:\/\/restored.ee\/fi\/#organization"},"potentialAction":[{"@type":"SearchAction","target":{"@type":"EntryPoint","urlTemplate":"https:\/\/restored.ee\/fi\/?s={search_term_string}"},"query-input":{"@type":"PropertyValueSpecification","valueRequired":true,"valueName":"search_term_string"}}],"inLanguage":"fi"},{"@type":"Organization","@id":"https:\/\/restored.ee\/fi\/#organization","name":"Restore O\u00dc","url":"https:\/\/restored.ee\/fi\/","logo":{"@type":"ImageObject","inLanguage":"fi","@id":"https:\/\/restored.ee\/fi\/#\/schema\/logo\/image\/","url":"https:\/\/restored.ee\/wp-content\/uploads\/2019\/06\/restore-logo.png","contentUrl":"https:\/\/restored.ee\/wp-content\/uploads\/2019\/06\/restore-logo.png","width":241,"height":50,"caption":"Restore O\u00dc"},"image":{"@id":"https:\/\/restored.ee\/fi\/#\/schema\/logo\/image\/"}}]}},"_links":{"self":[{"href":"https:\/\/restored.ee\/fi\/wp-json\/wp\/v2\/pages\/430","targetHints":{"allow":["GET"]}}],"collection":[{"href":"https:\/\/restored.ee\/fi\/wp-json\/wp\/v2\/pages"}],"about":[{"href":"https:\/\/restored.ee\/fi\/wp-json\/wp\/v2\/types\/page"}],"author":[{"embeddable":true,"href":"https:\/\/restored.ee\/fi\/wp-json\/wp\/v2\/users\/1"}],"replies":[{"embeddable":true,"href":"https:\/\/restored.ee\/fi\/wp-json\/wp\/v2\/comments?post=430"}],"version-history":[{"count":5,"href":"https:\/\/restored.ee\/fi\/wp-json\/wp\/v2\/pages\/430\/revisions"}],"predecessor-version":[{"id":1625,"href":"https:\/\/restored.ee\/fi\/wp-json\/wp\/v2\/pages\/430\/revisions\/1625"}],"wp:attachment":[{"href":"https:\/\/restored.ee\/fi\/wp-json\/wp\/v2\/media?parent=430"}],"curies":[{"name":"wp","href":"https:\/\/api.w.org\/{rel}","templated":true}]}}