{"id":464,"date":"2019-06-05T13:06:02","date_gmt":"2019-06-05T13:06:02","guid":{"rendered":"https:\/\/restored.ee\/tarvikud\/"},"modified":"2019-07-05T14:59:55","modified_gmt":"2019-07-05T14:59:55","slug":"metsakoneen-telojen-tarvikkeet","status":"publish","type":"page","link":"https:\/\/restored.ee\/fi\/metsakoneen-telojen-tarvikkeet\/","title":{"rendered":"Mets\u00e4koneen telojen tarvikkeet"},"content":{"rendered":"\n<div style=\"height:20px\" aria-hidden=\"true\" class=\"wp-block-spacer\"><\/div>\n\n\n<section class=\"gallery\">\n\t<div class=\"row wow fadeInDown\" data-wow-delay=\"0.8s\" style=\"visibility:hidden;\">\n\t\t\t\t\t\t\t\t\t<div class=\"col-sm-6 col-lg-4\">\n\t\t\t\t\t<a href=\"#\" data-toggle=\"modal\" data-target=\"#modal-1\">\n\t\t\t\t\t\t<figure>\n\t\t\t\t\t\t\t<div class=\"hover\">\n\t\t\t\t\t\t\t\t<img decoding=\"async\" class=\"img-fluid\" src=\"https:\/\/restored.ee\/wp-content\/uploads\/2019\/06\/Part_1_0-350x265.png\" alt=\"\">\n\t\t\t\t\t\t\t\t<div class=\"overlay\">\n\t\t\t\t\t\t\t\t\t<span>\n\t\t\t\t\t\t\t\t\t\t<svg aria-hidden=\"true\" focusable=\"false\" height=\"33\" width=\"33\" data-prefix=\"fas\" data-icon=\"plus-circle\" class=\"svg-inline--fa fa-plus-circle fa-w-16\" role=\"img\" xmlns=\"http:\/\/www.w3.org\/2000\/svg\" viewBox=\"0 0 512 512\">\n\t\t\t\t\t\t\t\t\t\t\t<path fill=\"#fff\" d=\"M256 8C119 8 8 119 8 256s111 248 248 248 248-111 248-248S393 8 256 8zm144 276c0 6.6-5.4 12-12 12h-92v92c0 6.6-5.4 12-12 12h-56c-6.6 0-12-5.4-12-12v-92h-92c-6.6 0-12-5.4-12-12v-56c0-6.6 5.4-12 12-12h92v-92c0-6.6 5.4-12 12-12h56c6.6 0 12 5.4 12 12v92h92c6.6 0 12 5.4 12 12v56z\"><\/path>\n\t\t\t\t\t\t\t\t\t\t<\/svg>\n\t\t\t\t\t\t\t\t\t<\/span>\n\t\t\t\t\t\t\t\t<\/div>\n\t\t\t\t\t\t\t<\/div>\n\t\t\t\t\t\t\t\t\t\t\t\t\t\t\t<figcaption>\n\t\t\t\t\t\t\t\t\t*22x224mm\n*25x224mm\n*28x224mm\t\t\t\t\t\t\t\t<\/figcaption>\n\t\t\t\t\t\t\t\t\t\t\t\t\t<\/figure>\n\t\t\t\t\t<\/a>\n\t\t\t\t<\/div>\n\t\t\t\t<div id=\"modal-1\" class=\"modal fade\" tabindex=\"-1\" role=\"dialog\" aria-labelledby=\"myLargeModalLabel\" aria-hidden=\"true\">\n\t\t\t\t\t<div class=\"modal-dialog modal-dialog-centered modal-lg\">\n\t\t\t\t\t\t<div class=\"modal-content\">\n\t\t\t\t\t\t\t<div class=\"modal-header\">\n\t\t\t\t\t\t\t\t\t\t\t\t\t\t\t\t\t<h5 class=\"modal-title\">*22x224mm\n*25x224mm\n*28x224mm<\/h5>\n\t\t\t\t\t\t\t\t\t\t\t\t\t\t\t\t<button type=\"button\" class=\"close\" data-dismiss=\"modal\" aria-label=\"Close\">\n\t\t\t\t\t\t\t\t\t<span aria-hidden=\"true\">&times;<\/span>\n\t\t\t\t\t\t\t\t<\/button>\n\t\t\t\t\t\t\t<\/div>\n\t\t\t\t\t\t\t<div class=\"modal-body\">\n\t\t\t\t\t\t\t\t\t<div class=\"sketchfab-embed-wrapper\"><iframe loading=\"lazy\" width=\"100%\" height=\"480\" src=\"https:\/\/sketchfab.com\/models\/5a2baca7bb4b4b669621aa0c96f50809\/embed?autospin=0.2&amp;autostart=1&amp;preload=1\" frameborder=\"0\"><\/iframe>\n<\/div>\n\t\t\t\t\t\t\t<\/div>\n\t\t\t\t\t\t<\/div>\n\t\t\t\t\t<\/div>\n\t\t\t\t<\/div>\n\t\t\t\t\t\t\t<div class=\"col-sm-6 col-lg-4\">\n\t\t\t\t\t<a href=\"#\" data-toggle=\"modal\" data-target=\"#modal-2\">\n\t\t\t\t\t\t<figure>\n\t\t\t\t\t\t\t<div class=\"hover\">\n\t\t\t\t\t\t\t\t<img decoding=\"async\" class=\"img-fluid\" src=\"https:\/\/restored.ee\/wp-content\/uploads\/2019\/06\/Part_2_0-350x265.png\" alt=\"\">\n\t\t\t\t\t\t\t\t<div class=\"overlay\">\n\t\t\t\t\t\t\t\t\t<span>\n\t\t\t\t\t\t\t\t\t\t<svg aria-hidden=\"true\" focusable=\"false\" height=\"33\" width=\"33\" data-prefix=\"fas\" data-icon=\"plus-circle\" class=\"svg-inline--fa fa-plus-circle fa-w-16\" role=\"img\" xmlns=\"http:\/\/www.w3.org\/2000\/svg\" viewBox=\"0 0 512 512\">\n\t\t\t\t\t\t\t\t\t\t\t<path fill=\"#fff\" d=\"M256 8C119 8 8 119 8 256s111 248 248 248 248-111 248-248S393 8 256 8zm144 276c0 6.6-5.4 12-12 12h-92v92c0 6.6-5.4 12-12 12h-56c-6.6 0-12-5.4-12-12v-92h-92c-6.6 0-12-5.4-12-12v-56c0-6.6 5.4-12 12-12h92v-92c0-6.6 5.4-12 12-12h56c6.6 0 12 5.4 12 12v92h92c6.6 0 12 5.4 12 12v56z\"><\/path>\n\t\t\t\t\t\t\t\t\t\t<\/svg>\n\t\t\t\t\t\t\t\t\t<\/span>\n\t\t\t\t\t\t\t\t<\/div>\n\t\t\t\t\t\t\t<\/div>\n\t\t\t\t\t\t\t\t\t\t\t\t\t\t\t<figcaption>\n\t\t\t\t\t\t\t\t\t*22x134mm\n         *25x156mm\n          *28x161mm\t\t\t\t\t\t\t\t<\/figcaption>\n\t\t\t\t\t\t\t\t\t\t\t\t\t<\/figure>\n\t\t\t\t\t<\/a>\n\t\t\t\t<\/div>\n\t\t\t\t<div id=\"modal-2\" class=\"modal fade\" tabindex=\"-1\" role=\"dialog\" aria-labelledby=\"myLargeModalLabel\" aria-hidden=\"true\">\n\t\t\t\t\t<div class=\"modal-dialog modal-dialog-centered modal-lg\">\n\t\t\t\t\t\t<div class=\"modal-content\">\n\t\t\t\t\t\t\t<div class=\"modal-header\">\n\t\t\t\t\t\t\t\t\t\t\t\t\t\t\t\t\t<h5 class=\"modal-title\">*22x134mm\n         *25x156mm\n          *28x161mm<\/h5>\n\t\t\t\t\t\t\t\t\t\t\t\t\t\t\t\t<button type=\"button\" class=\"close\" data-dismiss=\"modal\" aria-label=\"Close\">\n\t\t\t\t\t\t\t\t\t<span aria-hidden=\"true\">&times;<\/span>\n\t\t\t\t\t\t\t\t<\/button>\n\t\t\t\t\t\t\t<\/div>\n\t\t\t\t\t\t\t<div class=\"modal-body\">\n\t\t\t\t\t\t\t\t\t<div class=\"sketchfab-embed-wrapper\"><iframe loading=\"lazy\" width=\"100%\" height=\"480\" src=\"https:\/\/sketchfab.com\/models\/7ffe0867c6ad4b0da58f7952dfb05aee\/embed?autospin=0.2&amp;autostart=1&amp;preload=1\" frameborder=\"0\"><\/iframe>\n<\/div>\n\t\t\t\t\t\t\t<\/div>\n\t\t\t\t\t\t<\/div>\n\t\t\t\t\t<\/div>\n\t\t\t\t<\/div>\n\t\t\t\t\t\t\t<div class=\"col-sm-6 col-lg-4\">\n\t\t\t\t\t<a href=\"#\" data-toggle=\"modal\" data-target=\"#modal-3\">\n\t\t\t\t\t\t<figure>\n\t\t\t\t\t\t\t<div class=\"hover\">\n\t\t\t\t\t\t\t\t<img decoding=\"async\" class=\"img-fluid\" src=\"https:\/\/restored.ee\/wp-content\/uploads\/2019\/06\/Part_3_0-350x265.png\" alt=\"\">\n\t\t\t\t\t\t\t\t<div class=\"overlay\">\n\t\t\t\t\t\t\t\t\t<span>\n\t\t\t\t\t\t\t\t\t\t<svg aria-hidden=\"true\" focusable=\"false\" height=\"33\" width=\"33\" data-prefix=\"fas\" data-icon=\"plus-circle\" class=\"svg-inline--fa fa-plus-circle fa-w-16\" role=\"img\" xmlns=\"http:\/\/www.w3.org\/2000\/svg\" viewBox=\"0 0 512 512\">\n\t\t\t\t\t\t\t\t\t\t\t<path fill=\"#fff\" d=\"M256 8C119 8 8 119 8 256s111 248 248 248 248-111 248-248S393 8 256 8zm144 276c0 6.6-5.4 12-12 12h-92v92c0 6.6-5.4 12-12 12h-56c-6.6 0-12-5.4-12-12v-92h-92c-6.6 0-12-5.4-12-12v-56c0-6.6 5.4-12 12-12h92v-92c0-6.6 5.4-12 12-12h56c6.6 0 12 5.4 12 12v92h92c6.6 0 12 5.4 12 12v56z\"><\/path>\n\t\t\t\t\t\t\t\t\t\t<\/svg>\n\t\t\t\t\t\t\t\t\t<\/span>\n\t\t\t\t\t\t\t\t<\/div>\n\t\t\t\t\t\t\t<\/div>\n\t\t\t\t\t\t\t\t\t\t\t\t\t\t\t<figcaption>\n\t\t\t\t\t\t\t\t\t*22x90mm\n*25x105mm\n*28x110mm\t\t\t\t\t\t\t\t<\/figcaption>\n\t\t\t\t\t\t\t\t\t\t\t\t\t<\/figure>\n\t\t\t\t\t<\/a>\n\t\t\t\t<\/div>\n\t\t\t\t<div id=\"modal-3\" class=\"modal fade\" tabindex=\"-1\" role=\"dialog\" aria-labelledby=\"myLargeModalLabel\" aria-hidden=\"true\">\n\t\t\t\t\t<div class=\"modal-dialog modal-dialog-centered modal-lg\">\n\t\t\t\t\t\t<div class=\"modal-content\">\n\t\t\t\t\t\t\t<div class=\"modal-header\">\n\t\t\t\t\t\t\t\t\t\t\t\t\t\t\t\t\t<h5 class=\"modal-title\">*22x90mm\n*25x105mm\n*28x110mm<\/h5>\n\t\t\t\t\t\t\t\t\t\t\t\t\t\t\t\t<button type=\"button\" class=\"close\" data-dismiss=\"modal\" aria-label=\"Close\">\n\t\t\t\t\t\t\t\t\t<span aria-hidden=\"true\">&times;<\/span>\n\t\t\t\t\t\t\t\t<\/button>\n\t\t\t\t\t\t\t<\/div>\n\t\t\t\t\t\t\t<div class=\"modal-body\">\n\t\t\t\t\t\t\t\t\t<div class=\"sketchfab-embed-wrapper\"><iframe loading=\"lazy\" width=\"100%\" height=\"480\" src=\"https:\/\/sketchfab.com\/models\/97043fc64b6244fe88cf616ef9edfd06\/embed?autospin=0.2&amp;autostart=1&amp;preload=1\" frameborder=\"0\"><\/iframe>\n<\/div>\n\t\t\t\t\t\t\t<\/div>\n\t\t\t\t\t\t<\/div>\n\t\t\t\t\t<\/div>\n\t\t\t\t<\/div>\n\t\t\t\t\t\t<\/div>\n<\/section>\n\n\n\n<h2 class=\"wp-block-heading\">Korjaussarja<\/h2>\n\n\n<section class=\"benefit gallery\">\n\t<div class=\"row\">\n\t\t<div class=\"col-lg-8\">\n\t\t\t\t\t\t\t<ul class=\"bullets\">\n\t\t\t\t\t\t\t\t\t\t\t<li class=\"wow fadeInDown\" data-wow-delay=\"1.4s\">Aukko 20&#215;50<\/li>\n\t\t\t\t\t\t\t\t\t\t\t<li class=\"wow fadeInDown\" data-wow-delay=\"1.5s\">Liit\u00e4nt\u00e4lenkki 28mm<\/li>\n\t\t\t\t\t\t\t\t\t<\/ul>\n\t\t\t\t\t<\/div>\n\t\t<div id=\"lightbox-block_5d0d04fedca5f\" class=\"col-lg-4 image wow fadeInDown\" data-wow-delay=\"1s\" data-wow-duration=\"2s\">\n\t\t\t\t\t\t\t\t\t\t\t\t\t\t\t<a href=\"#\" data-toggle=\"modal\" data-target=\"#modal-image\">\n\t\t\t\t\t\t\t\t\t\t\t\t<figure>\n\t\t\t\t\t\t\t<div class=\"hover\">\n\t\t\t\t\t\t\t\t<img decoding=\"async\" class=\"img-fluid\" src=\"https:\/\/restored.ee\/wp-content\/uploads\/2019\/06\/Part_4_0-1024x1024.png\" alt=\"\">\n\t\t\t\t\t\t\t\t<div class=\"overlay\">\n\t\t\t\t\t\t\t\t\t<span>\n\t\t\t\t\t\t\t\t\t\t<svg aria-hidden=\"true\" focusable=\"false\" height=\"33\" width=\"33\" data-prefix=\"fas\" data-icon=\"plus-circle\" class=\"svg-inline--fa fa-plus-circle fa-w-16\" role=\"img\" xmlns=\"http:\/\/www.w3.org\/2000\/svg\" viewBox=\"0 0 512 512\">\n\t\t\t\t\t\t\t\t\t\t\t<path fill=\"#fff\" d=\"M256 8C119 8 8 119 8 256s111 248 248 248 248-111 248-248S393 8 256 8zm144 276c0 6.6-5.4 12-12 12h-92v92c0 6.6-5.4 12-12 12h-56c-6.6 0-12-5.4-12-12v-92h-92c-6.6 0-12-5.4-12-12v-56c0-6.6 5.4-12 12-12h92v-92c0-6.6 5.4-12 12-12h56c6.6 0 12 5.4 12 12v92h92c6.6 0 12 5.4 12 12v56z\"><\/path>\n\t\t\t\t\t\t\t\t\t\t<\/svg>\n\t\t\t\t\t\t\t\t\t<\/span>\n\t\t\t\t\t\t\t\t<\/div>\n\t\t\t\t\t\t\t<\/div>\n\t\t\t\t\t\t\t\t\t\t\t\t\t\t\t<figcaption>\n\t\t\t\t\t\t\t\t\t*silm 20x50mm\n*\u00fchendusl\u00fcli 28mm\t\t\t\t\t\t\t\t<\/figcaption>\n\t\t\t\t\t\t\t\t\t\t\t\t\t<\/figure>\n\t\t\t\t\t<\/a>\n\t\t\t\t\t\t\t\t\t\t\t<div id=\"modal-image\" class=\"modal fade\" tabindex=\"-1\" role=\"dialog\" aria-labelledby=\"myLargeModalLabel\" aria-hidden=\"true\">\n\t\t\t\t\t\t\t<div class=\"modal-dialog modal-dialog-centered modal-lg\">\n\t\t\t\t\t\t\t\t<div class=\"modal-content\">\n\t\t\t\t\t\t\t\t\t<div class=\"modal-header\">\n\t\t\t\t\t\t\t\t\t\t\t\t\t\t\t\t\t\t\t\t\t<h5 class=\"modal-title\">*silm 20x50mm\n*\u00fchendusl\u00fcli 28mm<\/h5>\n\t\t\t\t\t\t\t\t\t\t\t\t\t\t\t\t\t\t\t\t<button type=\"button\" class=\"close\" data-dismiss=\"modal\" aria-label=\"Close\">\n\t\t\t\t\t\t\t\t\t\t\t<span aria-hidden=\"true\">&times;<\/span>\n\t\t\t\t\t\t\t\t\t\t<\/button>\n\t\t\t\t\t\t\t\t\t<\/div>\n\t\t\t\t\t\t\t\t\t<div class=\"modal-body\">\n\t\t\t\t\t\t\t\t\t\t<div class=\"sketchfab-embed-wrapper\"><iframe loading=\"lazy\" width=\"100%\" height=\"480\" src=\"https:\/\/sketchfab.com\/models\/6bef4b1a8b41487bb14cfc2e72bf6698\/embed?autospin=0.2&amp;autostart=1&amp;preload=1\" frameborder=\"0\"><\/iframe>\n<\/div>\n\t\t\t\t\t\t\t\t\t<\/div>\n\t\t\t\t\t\t\t\t<\/div>\n\t\t\t\t\t\t\t<\/div>\n\t\t\t\t\t\t<\/div>\n\t\t\t\t\t\t\t\t\t\t\t<\/div>\n\t<\/div>\n<\/section>\n\t<script type=\"text\/javascript\">\n\tjQuery(function($) {\n\t\t\/\/ gallery page lightBox\n\t\t$('#lightbox-block_5d0d04fedca5f').Chocolat();\n\n\t});\n\t<\/script>\n","protected":false},"excerpt":{"rendered":"<p>Korjaussarja<\/p>\n","protected":false},"author":1,"featured_media":0,"parent":0,"menu_order":0,"comment_status":"closed","ping_status":"closed","template":"","meta":{"_acf_changed":false,"footnotes":""},"class_list":["post-464","page","type-page","status-publish","hentry"],"acf":[],"yoast_head":"<!-- This site is optimized with the Yoast SEO plugin v25.9 - https:\/\/yoast.com\/wordpress\/plugins\/seo\/ -->\n<title>Mets\u00e4koneen telojen tarvikkeet ja myynti | Restore O\u00dc<\/title>\n<meta name=\"description\" content=\"Mets\u00e4koneen telojen tarvikkeet ja myynti. Myynniss\u00e4 mets\u00e4koneiden telat eri pituuksissa ja erilaisilla profiileilla. Restore O\u00dc\" \/>\n<meta name=\"robots\" content=\"index, follow, max-snippet:-1, max-image-preview:large, max-video-preview:-1\" \/>\n<link rel=\"canonical\" href=\"https:\/\/restored.ee\/fi\/metsakoneen-telojen-tarvikkeet\/\" \/>\n<meta property=\"og:locale\" content=\"fi_FI\" \/>\n<meta property=\"og:type\" content=\"article\" \/>\n<meta property=\"og:title\" content=\"Mets\u00e4koneen telojen tarvikkeet ja myynti | Restore O\u00dc\" \/>\n<meta property=\"og:description\" content=\"Mets\u00e4koneen telojen tarvikkeet ja myynti. Myynniss\u00e4 mets\u00e4koneiden telat eri pituuksissa ja erilaisilla profiileilla. Restore O\u00dc\" \/>\n<meta property=\"og:url\" content=\"https:\/\/restored.ee\/fi\/metsakoneen-telojen-tarvikkeet\/\" \/>\n<meta property=\"og:site_name\" content=\"Restored\" \/>\n<meta property=\"article:modified_time\" content=\"2019-07-05T14:59:55+00:00\" \/>\n<meta property=\"og:image\" content=\"https:\/\/restored.ee\/wp-content\/uploads\/2019\/07\/slider-image-scaled.jpg\" \/>\n\t<meta property=\"og:image:width\" content=\"2560\" \/>\n\t<meta property=\"og:image:height\" content=\"1920\" \/>\n\t<meta property=\"og:image:type\" content=\"image\/jpeg\" \/>\n<meta name=\"twitter:card\" content=\"summary_large_image\" \/>\n<script type=\"application\/ld+json\" class=\"yoast-schema-graph\">{\"@context\":\"https:\/\/schema.org\",\"@graph\":[{\"@type\":\"WebPage\",\"@id\":\"https:\/\/restored.ee\/fi\/metsakoneen-telojen-tarvikkeet\/\",\"url\":\"https:\/\/restored.ee\/fi\/metsakoneen-telojen-tarvikkeet\/\",\"name\":\"Mets\u00e4koneen telojen tarvikkeet ja myynti | Restore O\u00dc\",\"isPartOf\":{\"@id\":\"https:\/\/restored.ee\/fi\/#website\"},\"datePublished\":\"2019-06-05T13:06:02+00:00\",\"dateModified\":\"2019-07-05T14:59:55+00:00\",\"description\":\"Mets\u00e4koneen telojen tarvikkeet ja myynti. Myynniss\u00e4 mets\u00e4koneiden telat eri pituuksissa ja erilaisilla profiileilla. Restore O\u00dc\",\"breadcrumb\":{\"@id\":\"https:\/\/restored.ee\/fi\/metsakoneen-telojen-tarvikkeet\/#breadcrumb\"},\"inLanguage\":\"fi\",\"potentialAction\":[{\"@type\":\"ReadAction\",\"target\":[\"https:\/\/restored.ee\/fi\/metsakoneen-telojen-tarvikkeet\/\"]}]},{\"@type\":\"BreadcrumbList\",\"@id\":\"https:\/\/restored.ee\/fi\/metsakoneen-telojen-tarvikkeet\/#breadcrumb\",\"itemListElement\":[{\"@type\":\"ListItem\",\"position\":1,\"name\":\"Home\",\"item\":\"https:\/\/restored.ee\/fi\/\"},{\"@type\":\"ListItem\",\"position\":2,\"name\":\"Mets\u00e4koneen telojen tarvikkeet\"}]},{\"@type\":\"WebSite\",\"@id\":\"https:\/\/restored.ee\/fi\/#website\",\"url\":\"https:\/\/restored.ee\/fi\/\",\"name\":\"Restored\",\"description\":\"Metsamasina lintide taastamine ja m\u00fc\u00fck\",\"publisher\":{\"@id\":\"https:\/\/restored.ee\/fi\/#organization\"},\"potentialAction\":[{\"@type\":\"SearchAction\",\"target\":{\"@type\":\"EntryPoint\",\"urlTemplate\":\"https:\/\/restored.ee\/fi\/?s={search_term_string}\"},\"query-input\":{\"@type\":\"PropertyValueSpecification\",\"valueRequired\":true,\"valueName\":\"search_term_string\"}}],\"inLanguage\":\"fi\"},{\"@type\":\"Organization\",\"@id\":\"https:\/\/restored.ee\/fi\/#organization\",\"name\":\"Restore O\u00dc\",\"url\":\"https:\/\/restored.ee\/fi\/\",\"logo\":{\"@type\":\"ImageObject\",\"inLanguage\":\"fi\",\"@id\":\"https:\/\/restored.ee\/fi\/#\/schema\/logo\/image\/\",\"url\":\"https:\/\/restored.ee\/wp-content\/uploads\/2019\/06\/restore-logo.png\",\"contentUrl\":\"https:\/\/restored.ee\/wp-content\/uploads\/2019\/06\/restore-logo.png\",\"width\":241,\"height\":50,\"caption\":\"Restore O\u00dc\"},\"image\":{\"@id\":\"https:\/\/restored.ee\/fi\/#\/schema\/logo\/image\/\"}}]}<\/script>\n<!-- \/ Yoast SEO plugin. -->","yoast_head_json":{"title":"Mets\u00e4koneen telojen tarvikkeet ja myynti | Restore O\u00dc","description":"Mets\u00e4koneen telojen tarvikkeet ja myynti. Myynniss\u00e4 mets\u00e4koneiden telat eri pituuksissa ja erilaisilla profiileilla. Restore O\u00dc","robots":{"index":"index","follow":"follow","max-snippet":"max-snippet:-1","max-image-preview":"max-image-preview:large","max-video-preview":"max-video-preview:-1"},"canonical":"https:\/\/restored.ee\/fi\/metsakoneen-telojen-tarvikkeet\/","og_locale":"fi_FI","og_type":"article","og_title":"Mets\u00e4koneen telojen tarvikkeet ja myynti | Restore O\u00dc","og_description":"Mets\u00e4koneen telojen tarvikkeet ja myynti. Myynniss\u00e4 mets\u00e4koneiden telat eri pituuksissa ja erilaisilla profiileilla. Restore O\u00dc","og_url":"https:\/\/restored.ee\/fi\/metsakoneen-telojen-tarvikkeet\/","og_site_name":"Restored","article_modified_time":"2019-07-05T14:59:55+00:00","og_image":[{"width":2560,"height":1920,"url":"https:\/\/restored.ee\/wp-content\/uploads\/2019\/07\/slider-image-scaled.jpg","type":"image\/jpeg"}],"twitter_card":"summary_large_image","schema":{"@context":"https:\/\/schema.org","@graph":[{"@type":"WebPage","@id":"https:\/\/restored.ee\/fi\/metsakoneen-telojen-tarvikkeet\/","url":"https:\/\/restored.ee\/fi\/metsakoneen-telojen-tarvikkeet\/","name":"Mets\u00e4koneen telojen tarvikkeet ja myynti | Restore O\u00dc","isPartOf":{"@id":"https:\/\/restored.ee\/fi\/#website"},"datePublished":"2019-06-05T13:06:02+00:00","dateModified":"2019-07-05T14:59:55+00:00","description":"Mets\u00e4koneen telojen tarvikkeet ja myynti. Myynniss\u00e4 mets\u00e4koneiden telat eri pituuksissa ja erilaisilla profiileilla. Restore O\u00dc","breadcrumb":{"@id":"https:\/\/restored.ee\/fi\/metsakoneen-telojen-tarvikkeet\/#breadcrumb"},"inLanguage":"fi","potentialAction":[{"@type":"ReadAction","target":["https:\/\/restored.ee\/fi\/metsakoneen-telojen-tarvikkeet\/"]}]},{"@type":"BreadcrumbList","@id":"https:\/\/restored.ee\/fi\/metsakoneen-telojen-tarvikkeet\/#breadcrumb","itemListElement":[{"@type":"ListItem","position":1,"name":"Home","item":"https:\/\/restored.ee\/fi\/"},{"@type":"ListItem","position":2,"name":"Mets\u00e4koneen telojen tarvikkeet"}]},{"@type":"WebSite","@id":"https:\/\/restored.ee\/fi\/#website","url":"https:\/\/restored.ee\/fi\/","name":"Restored","description":"Metsamasina lintide taastamine ja m\u00fc\u00fck","publisher":{"@id":"https:\/\/restored.ee\/fi\/#organization"},"potentialAction":[{"@type":"SearchAction","target":{"@type":"EntryPoint","urlTemplate":"https:\/\/restored.ee\/fi\/?s={search_term_string}"},"query-input":{"@type":"PropertyValueSpecification","valueRequired":true,"valueName":"search_term_string"}}],"inLanguage":"fi"},{"@type":"Organization","@id":"https:\/\/restored.ee\/fi\/#organization","name":"Restore O\u00dc","url":"https:\/\/restored.ee\/fi\/","logo":{"@type":"ImageObject","inLanguage":"fi","@id":"https:\/\/restored.ee\/fi\/#\/schema\/logo\/image\/","url":"https:\/\/restored.ee\/wp-content\/uploads\/2019\/06\/restore-logo.png","contentUrl":"https:\/\/restored.ee\/wp-content\/uploads\/2019\/06\/restore-logo.png","width":241,"height":50,"caption":"Restore O\u00dc"},"image":{"@id":"https:\/\/restored.ee\/fi\/#\/schema\/logo\/image\/"}}]}},"_links":{"self":[{"href":"https:\/\/restored.ee\/fi\/wp-json\/wp\/v2\/pages\/464","targetHints":{"allow":["GET"]}}],"collection":[{"href":"https:\/\/restored.ee\/fi\/wp-json\/wp\/v2\/pages"}],"about":[{"href":"https:\/\/restored.ee\/fi\/wp-json\/wp\/v2\/types\/page"}],"author":[{"embeddable":true,"href":"https:\/\/restored.ee\/fi\/wp-json\/wp\/v2\/users\/1"}],"replies":[{"embeddable":true,"href":"https:\/\/restored.ee\/fi\/wp-json\/wp\/v2\/comments?post=464"}],"version-history":[{"count":3,"href":"https:\/\/restored.ee\/fi\/wp-json\/wp\/v2\/pages\/464\/revisions"}],"predecessor-version":[{"id":472,"href":"https:\/\/restored.ee\/fi\/wp-json\/wp\/v2\/pages\/464\/revisions\/472"}],"wp:attachment":[{"href":"https:\/\/restored.ee\/fi\/wp-json\/wp\/v2\/media?parent=464"}],"curies":[{"name":"wp","href":"https:\/\/api.w.org\/{rel}","templated":true}]}}