{"id":423,"date":"2019-06-05T12:49:52","date_gmt":"2019-06-05T12:49:52","guid":{"rendered":"https:\/\/restored.ee\/meista\/"},"modified":"2019-07-03T14:15:59","modified_gmt":"2019-07-03T14:15:59","slug":"o-nas","status":"publish","type":"page","link":"https:\/\/restored.ee\/ru\/o-nas\/","title":{"rendered":"\u041e \u043d\u0430\u0441"},"content":{"rendered":"\n<p>Restore O\u00dc \u044f\u0432\u043b\u044f\u0435\u0442\u0441\u044f \u043e\u0441\u043d\u043e\u0432\u0430\u043d\u043d\u044b\u043c \u043d\u0430 \u0447\u0430\u0441\u0442\u043d\u043e\u043c \u043a\u0430\u043f\u0438\u0442\u0430\u043b\u0435 \u043f\u0440\u0435\u0434\u043f\u0440\u0438\u044f\u0442\u0438\u0435\u043c, \u0433\u043b\u0430\u0432\u043d\u043e\u0439 \u0441\u043f\u0435\u0446\u0438\u0430\u043b\u0438\u0437\u0430\u0446\u0438\u0435\u0439 \u0438\u0437\u0434\u0435\u043b\u0438\u0439 \u0438 \u0443\u0441\u043b\u0443\u0433 \u043a\u043e\u0442\u043e\u0440\u043e\u0433\u043e \u044f\u0432\u043b\u044f\u0435\u0442\u0441\u044f \u043f\u0440\u043e\u0438\u0437\u0432\u043e\u0434\u0441\u0442\u0432\u043e \u0438 \u043f\u0440\u043e\u0434\u0430\u0436\u0430 \u043d\u043e\u0432\u044b\u0445 \u0433\u0443\u0441\u0435\u043d\u0438\u0447\u043d\u044b\u0445 \u043b\u0435\u043d\u0442, \u0430 \u0442\u0430\u043a\u0436\u0435 \u0432\u043e\u0441\u0441\u0442\u0430\u043d\u043e\u0432\u043b\u0435\u043d\u0438\u0435 \u0438 \u043f\u0440\u043e\u0434\u0430\u0436\u0430 \u0438\u0441\u043f\u043e\u043b\u044c\u0437\u043e\u0432\u0430\u043d\u043d\u044b\u0445 \u0433\u0443\u0441\u0435\u043d\u0438\u0447\u043d\u044b\u0445 \u043b\u0435\u043d\u0442 \u0434\u043b\u044f \u043b\u0435\u0441\u043d\u043e\u0439 \u0442\u0435\u0445\u043d\u0438\u043a\u0438. \u041d\u0430\u0448 \u043e\u043f\u044b\u0442 \u0440\u0430\u0431\u043e\u0442\u044b \u0432 \u0434\u0430\u043d\u043d\u043e\u0439 \u043e\u0431\u043b\u0430\u0441\u0442\u0438 \u043d\u0430\u0441\u0447\u0438\u0442\u044b\u0432\u0430\u0435\u0442 \u0431\u043e\u043b\u0435\u0435 \u0434\u0435\u0441\u044f\u0442\u0438 \u043b\u0435\u0442. \u041c\u044b \u044f\u0432\u043b\u044f\u0435\u043c\u0441\u044f \u043f\u0430\u0440\u0442\u043d\u0435\u0440\u043e\u043c \u043a\u0440\u0443\u043f\u043d\u0435\u0439\u0448\u0438\u0445 \u043b\u0435\u0441\u043e\u0445\u043e\u0437\u044f\u0439\u0441\u0442\u0432\u0435\u043d\u043d\u044b\u0445 \u043f\u0440\u0435\u0434\u043f\u0440\u0438\u044f\u0442\u0438\u0439 \u042d\u0441\u0442\u043e\u043d\u0438\u0438 \u0438 \u0434\u0440\u0443\u0433\u0438\u0445 \u0441\u0442\u0440\u0430\u043d. \u0412 \u0441\u0432\u043e\u0435\u0439 \u0440\u0430\u0431\u043e\u0442\u0435 \u043c\u044b \u0438\u0441\u043f\u043e\u043b\u044c\u0437\u0443\u0435\u043c \u043b\u0443\u0447\u0448\u0438\u0435 \u043c\u0430\u0442\u0435\u0440\u0438\u0430\u043b\u044b \u0438 \u0441\u043e\u0432\u0440\u0435\u043c\u0435\u043d\u043d\u0443\u044e \u0442\u0435\u0445\u043d\u043e\u043b\u043e\u0433\u0438\u044e. \u041c\u044b \u043f\u0440\u0435\u0434\u043e\u0441\u0442\u0430\u0432\u043b\u044f\u0435\u043c \u0433\u0430\u0440\u0430\u043d\u0442\u0438\u044e \u043d\u0430 \u0432\u044b\u043f\u043e\u043b\u043d\u0435\u043d\u043d\u044b\u0435 \u0440\u0430\u0431\u043e\u0442\u044b, \u0438\u0441\u043f\u043e\u043b\u044c\u0437\u0443\u0435\u043c\u044b\u0435 \u0434\u043b\u044f \u0433\u0443\u0441\u0435\u043d\u0438\u0447\u043d\u044b\u0445 \u043b\u0435\u043d\u0442 \u0441\u043f\u0435\u0446\u0438\u0430\u043b\u044c\u043d\u044b\u0435 \u0441\u0442\u0430\u043b\u0438 \u0438 \u043d\u0430 \u0438\u0445 \u043e\u0431\u0440\u0430\u0431\u043e\u0442\u043a\u0443. \u0426\u0435\u043b\u044c Restore O\u00dc \u2013 \u0431\u044b\u0442\u044c \u0434\u043b\u044f \u0441\u0432\u043e\u0438\u0445 \u043a\u043b\u0438\u0435\u043d\u0442\u043e\u0432 \u043d\u0430\u0434\u0435\u0436\u043d\u044b\u043c \u0438 \u0441\u0442\u0430\u0431\u0438\u043b\u044c\u043d\u044b\u043c \u043f\u0430\u0440\u0442\u043d\u0435\u0440\u043e\u043c, \u043f\u0440\u0435\u0434\u043b\u0430\u0433\u0430\u044f \u0441\u0430\u043c\u044b\u0435 \u043a\u0430\u0447\u0435\u0441\u0442\u0432\u0435\u043d\u043d\u044b\u0435 \u0443\u0441\u043b\u0443\u0433\u0438 \u0438 \u0438\u0437\u0434\u0435\u043b\u0438\u044f \u043f\u043e \u043d\u0430\u0438\u043b\u0443\u0447\u0448\u0435\u0439 \u0432\u043e\u0437\u043c\u043e\u0436\u043d\u043e\u0439 \u0446\u0435\u043d\u0435.<\/p>\n\n\n\n<div style=\"height:30px\" aria-hidden=\"true\" class=\"wp-block-spacer\"><\/div>\n\n\n\t<script type=\"text\/javascript\">\n\tjQuery(function($) {\n\t\t\/\/ gallery page lightBox\n\t\t$('#lightbox-block_5cf7cccd2779a').Chocolat();\n\n\t});\n\t<\/script>\n","protected":false},"excerpt":{"rendered":"<p>Restore O\u00dc \u044f\u0432\u043b\u044f\u0435\u0442\u0441\u044f \u043e\u0441\u043d\u043e\u0432\u0430\u043d\u043d\u044b\u043c \u043d\u0430 \u0447\u0430\u0441\u0442\u043d\u043e\u043c \u043a\u0430\u043f\u0438\u0442\u0430\u043b\u0435 \u043f\u0440\u0435\u0434\u043f\u0440\u0438\u044f\u0442\u0438\u0435\u043c, \u0433\u043b\u0430\u0432\u043d\u043e\u0439 \u0441\u043f\u0435\u0446\u0438\u0430\u043b\u0438\u0437\u0430\u0446\u0438\u0435\u0439 \u0438\u0437\u0434\u0435\u043b\u0438\u0439 \u0438 \u0443\u0441\u043b\u0443\u0433 \u043a\u043e\u0442\u043e\u0440\u043e\u0433\u043e \u044f\u0432\u043b\u044f\u0435\u0442\u0441\u044f \u043f\u0440\u043e\u0438\u0437\u0432\u043e\u0434\u0441\u0442\u0432\u043e \u0438 \u043f\u0440\u043e\u0434\u0430\u0436\u0430 \u043d\u043e\u0432\u044b\u0445 \u0433\u0443\u0441\u0435\u043d\u0438\u0447\u043d\u044b\u0445 \u043b\u0435\u043d\u0442, \u0430 \u0442\u0430\u043a\u0436\u0435 \u0432\u043e\u0441\u0441\u0442\u0430\u043d\u043e\u0432\u043b\u0435\u043d\u0438\u0435 \u0438 \u043f\u0440\u043e\u0434\u0430\u0436\u0430 \u0438\u0441\u043f\u043e\u043b\u044c\u0437\u043e\u0432\u0430\u043d\u043d\u044b\u0445 \u0433\u0443\u0441\u0435\u043d\u0438\u0447\u043d\u044b\u0445 \u043b\u0435\u043d\u0442 \u0434\u043b\u044f \u043b\u0435\u0441\u043d\u043e\u0439 \u0442\u0435\u0445\u043d\u0438\u043a\u0438. \u041d\u0430\u0448 \u043e\u043f\u044b\u0442 \u0440\u0430\u0431\u043e\u0442\u044b \u0432 \u0434\u0430\u043d\u043d\u043e\u0439 \u043e\u0431\u043b\u0430\u0441\u0442\u0438 \u043d\u0430\u0441\u0447\u0438\u0442\u044b\u0432\u0430\u0435\u0442 \u0431\u043e\u043b\u0435\u0435 \u0434\u0435\u0441\u044f\u0442\u0438 \u043b\u0435\u0442. \u041c\u044b \u044f\u0432\u043b\u044f\u0435\u043c\u0441\u044f \u043f\u0430\u0440\u0442\u043d\u0435\u0440\u043e\u043c \u043a\u0440\u0443\u043f\u043d\u0435\u0439\u0448\u0438\u0445 \u043b\u0435\u0441\u043e\u0445\u043e\u0437\u044f\u0439\u0441\u0442\u0432\u0435\u043d\u043d\u044b\u0445 \u043f\u0440\u0435\u0434\u043f\u0440\u0438\u044f\u0442\u0438\u0439 \u042d\u0441\u0442\u043e\u043d\u0438\u0438 \u0438 \u0434\u0440\u0443\u0433\u0438\u0445 \u0441\u0442\u0440\u0430\u043d. \u0412 \u0441\u0432\u043e\u0435\u0439 \u0440\u0430\u0431\u043e\u0442\u0435 [&hellip;]<\/p>\n","protected":false},"author":1,"featured_media":0,"parent":0,"menu_order":0,"comment_status":"closed","ping_status":"closed","template":"","meta":{"_acf_changed":false,"footnotes":""},"class_list":["post-423","page","type-page","status-publish","hentry"],"acf":[],"yoast_head":"<!-- This site is optimized with the Yoast SEO plugin v25.9 - https:\/\/yoast.com\/wordpress\/plugins\/seo\/ -->\n<title>Metsat\u00f6\u00f6stusmasinate roomiklintide tootmine ja taastamine | Restore O\u00dc<\/title>\n<meta name=\"description\" content=\"Restore O\u00dc on erakapitalil p\u00f5hinev ettev\u00f5te, mille tooted ja teenused on suunatud metsat\u00f6\u00f6stusmasinate uute roomiklintide tootmisele ja m\u00fc\u00fcgile...\" \/>\n<meta name=\"robots\" content=\"index, follow, max-snippet:-1, max-image-preview:large, max-video-preview:-1\" \/>\n<link rel=\"canonical\" href=\"https:\/\/restored.ee\/ru\/o-nas\/\" \/>\n<meta property=\"og:locale\" content=\"ru_RU\" \/>\n<meta property=\"og:type\" content=\"article\" \/>\n<meta property=\"og:title\" content=\"Metsat\u00f6\u00f6stusmasinate roomiklintide tootmine ja taastamine | Restore O\u00dc\" \/>\n<meta property=\"og:description\" content=\"Restore O\u00dc on erakapitalil p\u00f5hinev ettev\u00f5te, mille tooted ja teenused on suunatud metsat\u00f6\u00f6stusmasinate uute roomiklintide tootmisele ja m\u00fc\u00fcgile...\" \/>\n<meta property=\"og:url\" content=\"https:\/\/restored.ee\/ru\/o-nas\/\" \/>\n<meta property=\"og:site_name\" content=\"Restored\" \/>\n<meta property=\"article:modified_time\" content=\"2019-07-03T14:15:59+00:00\" \/>\n<meta property=\"og:image\" content=\"https:\/\/restored.ee\/wp-content\/uploads\/2019\/07\/slider-image-scaled.jpg\" \/>\n\t<meta property=\"og:image:width\" content=\"2560\" \/>\n\t<meta property=\"og:image:height\" content=\"1920\" \/>\n\t<meta property=\"og:image:type\" content=\"image\/jpeg\" \/>\n<meta name=\"twitter:card\" content=\"summary_large_image\" \/>\n<script type=\"application\/ld+json\" class=\"yoast-schema-graph\">{\"@context\":\"https:\/\/schema.org\",\"@graph\":[{\"@type\":\"WebPage\",\"@id\":\"https:\/\/restored.ee\/ru\/o-nas\/\",\"url\":\"https:\/\/restored.ee\/ru\/o-nas\/\",\"name\":\"Metsat\u00f6\u00f6stusmasinate roomiklintide tootmine ja taastamine | Restore O\u00dc\",\"isPartOf\":{\"@id\":\"https:\/\/restored.ee\/ru\/#website\"},\"datePublished\":\"2019-06-05T12:49:52+00:00\",\"dateModified\":\"2019-07-03T14:15:59+00:00\",\"description\":\"Restore O\u00dc on erakapitalil p\u00f5hinev ettev\u00f5te, mille tooted ja teenused on suunatud metsat\u00f6\u00f6stusmasinate uute roomiklintide tootmisele ja m\u00fc\u00fcgile...\",\"breadcrumb\":{\"@id\":\"https:\/\/restored.ee\/ru\/o-nas\/#breadcrumb\"},\"inLanguage\":\"ru-RU\",\"potentialAction\":[{\"@type\":\"ReadAction\",\"target\":[\"https:\/\/restored.ee\/ru\/o-nas\/\"]}]},{\"@type\":\"BreadcrumbList\",\"@id\":\"https:\/\/restored.ee\/ru\/o-nas\/#breadcrumb\",\"itemListElement\":[{\"@type\":\"ListItem\",\"position\":1,\"name\":\"Home\",\"item\":\"https:\/\/restored.ee\/ru\/\"},{\"@type\":\"ListItem\",\"position\":2,\"name\":\"\u041e \u043d\u0430\u0441\"}]},{\"@type\":\"WebSite\",\"@id\":\"https:\/\/restored.ee\/ru\/#website\",\"url\":\"https:\/\/restored.ee\/ru\/\",\"name\":\"Restored\",\"description\":\"Metsamasina lintide taastamine ja m\u00fc\u00fck\",\"publisher\":{\"@id\":\"https:\/\/restored.ee\/ru\/#organization\"},\"potentialAction\":[{\"@type\":\"SearchAction\",\"target\":{\"@type\":\"EntryPoint\",\"urlTemplate\":\"https:\/\/restored.ee\/ru\/?s={search_term_string}\"},\"query-input\":{\"@type\":\"PropertyValueSpecification\",\"valueRequired\":true,\"valueName\":\"search_term_string\"}}],\"inLanguage\":\"ru-RU\"},{\"@type\":\"Organization\",\"@id\":\"https:\/\/restored.ee\/ru\/#organization\",\"name\":\"Restore O\u00dc\",\"url\":\"https:\/\/restored.ee\/ru\/\",\"logo\":{\"@type\":\"ImageObject\",\"inLanguage\":\"ru-RU\",\"@id\":\"https:\/\/restored.ee\/ru\/#\/schema\/logo\/image\/\",\"url\":\"https:\/\/restored.ee\/wp-content\/uploads\/2019\/06\/restore-logo.png\",\"contentUrl\":\"https:\/\/restored.ee\/wp-content\/uploads\/2019\/06\/restore-logo.png\",\"width\":241,\"height\":50,\"caption\":\"Restore O\u00dc\"},\"image\":{\"@id\":\"https:\/\/restored.ee\/ru\/#\/schema\/logo\/image\/\"}}]}<\/script>\n<!-- \/ Yoast SEO plugin. -->","yoast_head_json":{"title":"Metsat\u00f6\u00f6stusmasinate roomiklintide tootmine ja taastamine | Restore O\u00dc","description":"Restore O\u00dc on erakapitalil p\u00f5hinev ettev\u00f5te, mille tooted ja teenused on suunatud metsat\u00f6\u00f6stusmasinate uute roomiklintide tootmisele ja m\u00fc\u00fcgile...","robots":{"index":"index","follow":"follow","max-snippet":"max-snippet:-1","max-image-preview":"max-image-preview:large","max-video-preview":"max-video-preview:-1"},"canonical":"https:\/\/restored.ee\/ru\/o-nas\/","og_locale":"ru_RU","og_type":"article","og_title":"Metsat\u00f6\u00f6stusmasinate roomiklintide tootmine ja taastamine | Restore O\u00dc","og_description":"Restore O\u00dc on erakapitalil p\u00f5hinev ettev\u00f5te, mille tooted ja teenused on suunatud metsat\u00f6\u00f6stusmasinate uute roomiklintide tootmisele ja m\u00fc\u00fcgile...","og_url":"https:\/\/restored.ee\/ru\/o-nas\/","og_site_name":"Restored","article_modified_time":"2019-07-03T14:15:59+00:00","og_image":[{"width":2560,"height":1920,"url":"https:\/\/restored.ee\/wp-content\/uploads\/2019\/07\/slider-image-scaled.jpg","type":"image\/jpeg"}],"twitter_card":"summary_large_image","schema":{"@context":"https:\/\/schema.org","@graph":[{"@type":"WebPage","@id":"https:\/\/restored.ee\/ru\/o-nas\/","url":"https:\/\/restored.ee\/ru\/o-nas\/","name":"Metsat\u00f6\u00f6stusmasinate roomiklintide tootmine ja taastamine | Restore O\u00dc","isPartOf":{"@id":"https:\/\/restored.ee\/ru\/#website"},"datePublished":"2019-06-05T12:49:52+00:00","dateModified":"2019-07-03T14:15:59+00:00","description":"Restore O\u00dc on erakapitalil p\u00f5hinev ettev\u00f5te, mille tooted ja teenused on suunatud metsat\u00f6\u00f6stusmasinate uute roomiklintide tootmisele ja m\u00fc\u00fcgile...","breadcrumb":{"@id":"https:\/\/restored.ee\/ru\/o-nas\/#breadcrumb"},"inLanguage":"ru-RU","potentialAction":[{"@type":"ReadAction","target":["https:\/\/restored.ee\/ru\/o-nas\/"]}]},{"@type":"BreadcrumbList","@id":"https:\/\/restored.ee\/ru\/o-nas\/#breadcrumb","itemListElement":[{"@type":"ListItem","position":1,"name":"Home","item":"https:\/\/restored.ee\/ru\/"},{"@type":"ListItem","position":2,"name":"\u041e \u043d\u0430\u0441"}]},{"@type":"WebSite","@id":"https:\/\/restored.ee\/ru\/#website","url":"https:\/\/restored.ee\/ru\/","name":"Restored","description":"Metsamasina lintide taastamine ja m\u00fc\u00fck","publisher":{"@id":"https:\/\/restored.ee\/ru\/#organization"},"potentialAction":[{"@type":"SearchAction","target":{"@type":"EntryPoint","urlTemplate":"https:\/\/restored.ee\/ru\/?s={search_term_string}"},"query-input":{"@type":"PropertyValueSpecification","valueRequired":true,"valueName":"search_term_string"}}],"inLanguage":"ru-RU"},{"@type":"Organization","@id":"https:\/\/restored.ee\/ru\/#organization","name":"Restore O\u00dc","url":"https:\/\/restored.ee\/ru\/","logo":{"@type":"ImageObject","inLanguage":"ru-RU","@id":"https:\/\/restored.ee\/ru\/#\/schema\/logo\/image\/","url":"https:\/\/restored.ee\/wp-content\/uploads\/2019\/06\/restore-logo.png","contentUrl":"https:\/\/restored.ee\/wp-content\/uploads\/2019\/06\/restore-logo.png","width":241,"height":50,"caption":"Restore O\u00dc"},"image":{"@id":"https:\/\/restored.ee\/ru\/#\/schema\/logo\/image\/"}}]}},"_links":{"self":[{"href":"https:\/\/restored.ee\/ru\/wp-json\/wp\/v2\/pages\/423","targetHints":{"allow":["GET"]}}],"collection":[{"href":"https:\/\/restored.ee\/ru\/wp-json\/wp\/v2\/pages"}],"about":[{"href":"https:\/\/restored.ee\/ru\/wp-json\/wp\/v2\/types\/page"}],"author":[{"embeddable":true,"href":"https:\/\/restored.ee\/ru\/wp-json\/wp\/v2\/users\/1"}],"replies":[{"embeddable":true,"href":"https:\/\/restored.ee\/ru\/wp-json\/wp\/v2\/comments?post=423"}],"version-history":[{"count":2,"href":"https:\/\/restored.ee\/ru\/wp-json\/wp\/v2\/pages\/423\/revisions"}],"predecessor-version":[{"id":426,"href":"https:\/\/restored.ee\/ru\/wp-json\/wp\/v2\/pages\/423\/revisions\/426"}],"wp:attachment":[{"href":"https:\/\/restored.ee\/ru\/wp-json\/wp\/v2\/media?parent=423"}],"curies":[{"name":"wp","href":"https:\/\/api.w.org\/{rel}","templated":true}]}}