{"id":477,"date":"2019-06-05T13:06:10","date_gmt":"2019-06-05T13:06:10","guid":{"rendered":"https:\/\/restored.ee\/kontakt\/"},"modified":"2023-07-12T14:52:40","modified_gmt":"2023-07-12T14:52:40","slug":"kontakt","status":"publish","type":"page","link":"https:\/\/restored.ee\/ru\/kontakt\/","title":{"rendered":"\u041a\u043e\u043d\u0442\u0430\u043a\u0442"},"content":{"rendered":"<h6 class=\"pb-2 col-lg-7 pl-0\">Lisa alapealkiri<\/h6>\n","protected":false},"excerpt":{"rendered":"","protected":false},"author":1,"featured_media":0,"parent":0,"menu_order":0,"comment_status":"closed","ping_status":"closed","template":"templates\/contact.php","meta":{"_acf_changed":false,"footnotes":""},"class_list":["post-477","page","type-page","status-publish","hentry"],"acf":[],"yoast_head":"<!-- This site is optimized with the Yoast SEO plugin v25.9 - https:\/\/yoast.com\/wordpress\/plugins\/seo\/ -->\n<title>Restore O\u00dc | Metsamasina lintide tarvikud, taastamine ja m\u00fc\u00fck.<\/title>\n<meta name=\"description\" content=\"Meilt saad soetada metsamasina lintidele tarvikuid uusi ECV metsamasina linte v\u00f5i tellida oma metsamasina lintidele taastamise...\" \/>\n<meta name=\"robots\" content=\"index, follow, max-snippet:-1, max-image-preview:large, max-video-preview:-1\" \/>\n<link rel=\"canonical\" href=\"https:\/\/restored.ee\/ru\/kontakt\/\" \/>\n<meta property=\"og:locale\" content=\"ru_RU\" \/>\n<meta property=\"og:type\" content=\"article\" \/>\n<meta property=\"og:title\" content=\"Restore O\u00dc | Metsamasina lintide tarvikud, taastamine ja m\u00fc\u00fck.\" \/>\n<meta property=\"og:description\" content=\"Meilt saad soetada metsamasina lintidele tarvikuid uusi ECV metsamasina linte v\u00f5i tellida oma metsamasina lintidele taastamise...\" \/>\n<meta property=\"og:url\" content=\"https:\/\/restored.ee\/ru\/kontakt\/\" \/>\n<meta property=\"og:site_name\" content=\"Restored\" \/>\n<meta property=\"article:modified_time\" content=\"2023-07-12T14:52:40+00:00\" \/>\n<meta property=\"og:image\" content=\"https:\/\/restored.ee\/wp-content\/uploads\/2019\/07\/slider-image-scaled.jpg\" \/>\n\t<meta property=\"og:image:width\" content=\"2560\" \/>\n\t<meta property=\"og:image:height\" content=\"1920\" \/>\n\t<meta property=\"og:image:type\" content=\"image\/jpeg\" \/>\n<meta name=\"twitter:card\" content=\"summary_large_image\" \/>\n<script type=\"application\/ld+json\" class=\"yoast-schema-graph\">{\"@context\":\"https:\/\/schema.org\",\"@graph\":[{\"@type\":\"WebPage\",\"@id\":\"https:\/\/restored.ee\/ru\/kontakt\/\",\"url\":\"https:\/\/restored.ee\/ru\/kontakt\/\",\"name\":\"Restore O\u00dc | Metsamasina lintide tarvikud, taastamine ja m\u00fc\u00fck.\",\"isPartOf\":{\"@id\":\"https:\/\/restored.ee\/ru\/#website\"},\"datePublished\":\"2019-06-05T13:06:10+00:00\",\"dateModified\":\"2023-07-12T14:52:40+00:00\",\"description\":\"Meilt saad soetada metsamasina lintidele tarvikuid uusi ECV metsamasina linte v\u00f5i tellida oma metsamasina lintidele taastamise...\",\"breadcrumb\":{\"@id\":\"https:\/\/restored.ee\/ru\/kontakt\/#breadcrumb\"},\"inLanguage\":\"ru-RU\",\"potentialAction\":[{\"@type\":\"ReadAction\",\"target\":[\"https:\/\/restored.ee\/ru\/kontakt\/\"]}]},{\"@type\":\"BreadcrumbList\",\"@id\":\"https:\/\/restored.ee\/ru\/kontakt\/#breadcrumb\",\"itemListElement\":[{\"@type\":\"ListItem\",\"position\":1,\"name\":\"Home\",\"item\":\"https:\/\/restored.ee\/ru\/\"},{\"@type\":\"ListItem\",\"position\":2,\"name\":\"\u041a\u043e\u043d\u0442\u0430\u043a\u0442\"}]},{\"@type\":\"WebSite\",\"@id\":\"https:\/\/restored.ee\/ru\/#website\",\"url\":\"https:\/\/restored.ee\/ru\/\",\"name\":\"Restored\",\"description\":\"Metsamasina lintide taastamine ja m\u00fc\u00fck\",\"publisher\":{\"@id\":\"https:\/\/restored.ee\/ru\/#organization\"},\"potentialAction\":[{\"@type\":\"SearchAction\",\"target\":{\"@type\":\"EntryPoint\",\"urlTemplate\":\"https:\/\/restored.ee\/ru\/?s={search_term_string}\"},\"query-input\":{\"@type\":\"PropertyValueSpecification\",\"valueRequired\":true,\"valueName\":\"search_term_string\"}}],\"inLanguage\":\"ru-RU\"},{\"@type\":\"Organization\",\"@id\":\"https:\/\/restored.ee\/ru\/#organization\",\"name\":\"Restore O\u00dc\",\"url\":\"https:\/\/restored.ee\/ru\/\",\"logo\":{\"@type\":\"ImageObject\",\"inLanguage\":\"ru-RU\",\"@id\":\"https:\/\/restored.ee\/ru\/#\/schema\/logo\/image\/\",\"url\":\"https:\/\/restored.ee\/wp-content\/uploads\/2019\/06\/restore-logo.png\",\"contentUrl\":\"https:\/\/restored.ee\/wp-content\/uploads\/2019\/06\/restore-logo.png\",\"width\":241,\"height\":50,\"caption\":\"Restore O\u00dc\"},\"image\":{\"@id\":\"https:\/\/restored.ee\/ru\/#\/schema\/logo\/image\/\"}}]}<\/script>\n<!-- \/ Yoast SEO plugin. -->","yoast_head_json":{"title":"Restore O\u00dc | Metsamasina lintide tarvikud, taastamine ja m\u00fc\u00fck.","description":"Meilt saad soetada metsamasina lintidele tarvikuid uusi ECV metsamasina linte v\u00f5i tellida oma metsamasina lintidele taastamise...","robots":{"index":"index","follow":"follow","max-snippet":"max-snippet:-1","max-image-preview":"max-image-preview:large","max-video-preview":"max-video-preview:-1"},"canonical":"https:\/\/restored.ee\/ru\/kontakt\/","og_locale":"ru_RU","og_type":"article","og_title":"Restore O\u00dc | Metsamasina lintide tarvikud, taastamine ja m\u00fc\u00fck.","og_description":"Meilt saad soetada metsamasina lintidele tarvikuid uusi ECV metsamasina linte v\u00f5i tellida oma metsamasina lintidele taastamise...","og_url":"https:\/\/restored.ee\/ru\/kontakt\/","og_site_name":"Restored","article_modified_time":"2023-07-12T14:52:40+00:00","og_image":[{"width":2560,"height":1920,"url":"https:\/\/restored.ee\/wp-content\/uploads\/2019\/07\/slider-image-scaled.jpg","type":"image\/jpeg"}],"twitter_card":"summary_large_image","schema":{"@context":"https:\/\/schema.org","@graph":[{"@type":"WebPage","@id":"https:\/\/restored.ee\/ru\/kontakt\/","url":"https:\/\/restored.ee\/ru\/kontakt\/","name":"Restore O\u00dc | Metsamasina lintide tarvikud, taastamine ja m\u00fc\u00fck.","isPartOf":{"@id":"https:\/\/restored.ee\/ru\/#website"},"datePublished":"2019-06-05T13:06:10+00:00","dateModified":"2023-07-12T14:52:40+00:00","description":"Meilt saad soetada metsamasina lintidele tarvikuid uusi ECV metsamasina linte v\u00f5i tellida oma metsamasina lintidele taastamise...","breadcrumb":{"@id":"https:\/\/restored.ee\/ru\/kontakt\/#breadcrumb"},"inLanguage":"ru-RU","potentialAction":[{"@type":"ReadAction","target":["https:\/\/restored.ee\/ru\/kontakt\/"]}]},{"@type":"BreadcrumbList","@id":"https:\/\/restored.ee\/ru\/kontakt\/#breadcrumb","itemListElement":[{"@type":"ListItem","position":1,"name":"Home","item":"https:\/\/restored.ee\/ru\/"},{"@type":"ListItem","position":2,"name":"\u041a\u043e\u043d\u0442\u0430\u043a\u0442"}]},{"@type":"WebSite","@id":"https:\/\/restored.ee\/ru\/#website","url":"https:\/\/restored.ee\/ru\/","name":"Restored","description":"Metsamasina lintide taastamine ja m\u00fc\u00fck","publisher":{"@id":"https:\/\/restored.ee\/ru\/#organization"},"potentialAction":[{"@type":"SearchAction","target":{"@type":"EntryPoint","urlTemplate":"https:\/\/restored.ee\/ru\/?s={search_term_string}"},"query-input":{"@type":"PropertyValueSpecification","valueRequired":true,"valueName":"search_term_string"}}],"inLanguage":"ru-RU"},{"@type":"Organization","@id":"https:\/\/restored.ee\/ru\/#organization","name":"Restore O\u00dc","url":"https:\/\/restored.ee\/ru\/","logo":{"@type":"ImageObject","inLanguage":"ru-RU","@id":"https:\/\/restored.ee\/ru\/#\/schema\/logo\/image\/","url":"https:\/\/restored.ee\/wp-content\/uploads\/2019\/06\/restore-logo.png","contentUrl":"https:\/\/restored.ee\/wp-content\/uploads\/2019\/06\/restore-logo.png","width":241,"height":50,"caption":"Restore O\u00dc"},"image":{"@id":"https:\/\/restored.ee\/ru\/#\/schema\/logo\/image\/"}}]}},"_links":{"self":[{"href":"https:\/\/restored.ee\/ru\/wp-json\/wp\/v2\/pages\/477","targetHints":{"allow":["GET"]}}],"collection":[{"href":"https:\/\/restored.ee\/ru\/wp-json\/wp\/v2\/pages"}],"about":[{"href":"https:\/\/restored.ee\/ru\/wp-json\/wp\/v2\/types\/page"}],"author":[{"embeddable":true,"href":"https:\/\/restored.ee\/ru\/wp-json\/wp\/v2\/users\/1"}],"replies":[{"embeddable":true,"href":"https:\/\/restored.ee\/ru\/wp-json\/wp\/v2\/comments?post=477"}],"version-history":[{"count":5,"href":"https:\/\/restored.ee\/ru\/wp-json\/wp\/v2\/pages\/477\/revisions"}],"predecessor-version":[{"id":1318,"href":"https:\/\/restored.ee\/ru\/wp-json\/wp\/v2\/pages\/477\/revisions\/1318"}],"wp:attachment":[{"href":"https:\/\/restored.ee\/ru\/wp-json\/wp\/v2\/media?parent=477"}],"curies":[{"name":"wp","href":"https:\/\/api.w.org\/{rel}","templated":true}]}}